{"id":309,"date":"2024-05-14T16:47:09","date_gmt":"2024-05-14T14:47:09","guid":{"rendered":"https:\/\/fundaciosantjaume.cat\/tienda\/"},"modified":"2024-05-27T10:05:04","modified_gmt":"2024-05-27T08:05:04","slug":"colabora","status":"publish","type":"page","link":"https:\/\/fundaciosantjaume.cat\/es\/colabora\/","title":{"rendered":"Colabora con nosotros"},"content":{"rendered":"<p>[et_pb_section fb_built=\u00bb1&#8243; _builder_version=\u00bb4.25.0&#8243; _module_preset=\u00bbdefault\u00bb custom_padding=\u00bb3px||48px|||\u00bb top_divider_style=\u00bbcurve2&#8243; top_divider_color=\u00bb#C51C22&#8243; top_divider_height=\u00bb155px\u00bb locked=\u00bboff\u00bb global_colors_info=\u00bb{}\u00bb][et_pb_row _builder_version=\u00bb4.25.0&#8243; _module_preset=\u00bbdefault\u00bb global_colors_info=\u00bb{}\u00bb][et_pb_column type=\u00bb4_4&#8243; _builder_version=\u00bb4.25.0&#8243; _module_preset=\u00bbdefault\u00bb global_colors_info=\u00bb{}\u00bb][et_pb_post_title meta=\u00bboff\u00bb featured_image=\u00bboff\u00bb _builder_version=\u00bb4.25.0&#8243; _module_preset=\u00bbdefault\u00bb title_font=\u00bb|800||on|||||\u00bb title_text_color=\u00bb#FFFFFF\u00bb text_orientation=\u00bbcenter\u00bb global_colors_info=\u00bb{}\u00bb][\/et_pb_post_title][\/et_pb_column][\/et_pb_row][\/et_pb_section][et_pb_section fb_built=\u00bb1&#8243; _builder_version=\u00bb4.25.0&#8243; _module_preset=\u00bbdefault\u00bb background_enable_mask_style=\u00bbon\u00bb background_mask_style=\u00bbblades\u00bb background_mask_color=\u00bbrgba(196,0,49,0.02)\u00bb background_mask_transform=\u00bbflip_horizontal\u00bb custom_padding=\u00bb||25px|||\u00bb global_colors_info=\u00bb{}\u00bb][et_pb_row column_structure=\u00bb1_3,2_3&#8243; _builder_version=\u00bb4.25.0&#8243; _module_preset=\u00bbdefault\u00bb global_colors_info=\u00bb{}\u00bb][et_pb_column type=\u00bb1_3&#8243; _builder_version=\u00bb4.25.0&#8243; _module_preset=\u00bbdefault\u00bb global_colors_info=\u00bb{}\u00bb][et_pb_text _builder_version=\u00bb4.25.0&#8243; _module_preset=\u00bbdefault\u00bb global_colors_info=\u00bb{}\u00bb]<\/p>\n<h2>Saps que ser solidari\/\u00e0ria t\u00e9 recompensa?<\/h2>\n<p>Podr\u00e0s desgravar el 80% dels primers 150 \u20ac que aportis i, a partir d\u2019aquesta xifra, el 35%. A m\u00e9s, si fa m\u00e9s de 3 anys que contribueixes a trav\u00e9s de les teves donacions a la Fundaci\u00f3 Privada Llar Sant Jaume, la desgravaci\u00f3 en aquest \u00faltim tram s\u2019incrementar\u00e0 fins al 40%.<\/p>\n<p>[\/et_pb_text][et_pb_circle_counter title=\u00bbEt desgravar\u00e0s el 80% dels primers 150 \u20ac\u00bb number=\u00bb80&#8243; _builder_version=\u00bb4.25.0&#8243; _module_preset=\u00bbdefault\u00bb global_colors_info=\u00bb{}\u00bb][\/et_pb_circle_counter][\/et_pb_column][et_pb_column type=\u00bb2_3&#8243; _builder_version=\u00bb4.25.0&#8243; _module_preset=\u00bbdefault\u00bb global_colors_info=\u00bb{}\u00bb][et_pb_text _builder_version=\u00bb4.25.0&#8243; _module_preset=\u00bbdefault\u00bb global_colors_info=\u00bb{}\u00bb]<\/p>\n<h2>Tipus de donatius<\/h2>\n<p>[\/et_pb_text][et_pb_shop columns_number=\u00bb3&#8243; _builder_version=\u00bb4.25.0&#8243; _module_preset=\u00bbdefault\u00bb price_font=\u00bb|700|||||||\u00bb price_text_color=\u00bb#C51C22&#8243; price_font_size=\u00bb20px\u00bb global_colors_info=\u00bb{}\u00bb][\/et_pb_shop][\/et_pb_column][\/et_pb_row][\/et_pb_section]<\/p>\n","protected":false},"excerpt":{"rendered":"<p>Saps que ser solidari\/\u00e0ria t\u00e9 recompensa? Podr\u00e0s desgravar el 80% dels primers 150 \u20ac que aportis i, a partir d\u2019aquesta xifra, el 35%. A m\u00e9s, si fa m\u00e9s de 3 anys que contribueixes a trav\u00e9s de les teves donacions a la Fundaci\u00f3 Privada Llar Sant Jaume, la desgravaci\u00f3 en aquest \u00faltim tram s\u2019incrementar\u00e0 fins al [&hellip;]<\/p>\n","protected":false},"author":1,"featured_media":0,"parent":0,"menu_order":0,"comment_status":"closed","ping_status":"closed","template":"","meta":{"_et_pb_use_builder":"on","_et_pb_old_content":"","_et_gb_content_width":"","footnotes":""},"class_list":["post-309","page","type-page","status-publish","hentry"],"_links":{"self":[{"href":"https:\/\/fundaciosantjaume.cat\/es\/wp-json\/wp\/v2\/pages\/309","targetHints":{"allow":["GET"]}}],"collection":[{"href":"https:\/\/fundaciosantjaume.cat\/es\/wp-json\/wp\/v2\/pages"}],"about":[{"href":"https:\/\/fundaciosantjaume.cat\/es\/wp-json\/wp\/v2\/types\/page"}],"author":[{"embeddable":true,"href":"https:\/\/fundaciosantjaume.cat\/es\/wp-json\/wp\/v2\/users\/1"}],"replies":[{"embeddable":true,"href":"https:\/\/fundaciosantjaume.cat\/es\/wp-json\/wp\/v2\/comments?post=309"}],"version-history":[{"count":1,"href":"https:\/\/fundaciosantjaume.cat\/es\/wp-json\/wp\/v2\/pages\/309\/revisions"}],"predecessor-version":[{"id":422,"href":"https:\/\/fundaciosantjaume.cat\/es\/wp-json\/wp\/v2\/pages\/309\/revisions\/422"}],"wp:attachment":[{"href":"https:\/\/fundaciosantjaume.cat\/es\/wp-json\/wp\/v2\/media?parent=309"}],"curies":[{"name":"wp","href":"https:\/\/api.w.org\/{rel}","templated":true}]}}