{"id":339,"date":"2024-04-22T17:57:57","date_gmt":"2024-04-22T15:57:57","guid":{"rendered":"https:\/\/fundaciosantjaume.cat\/equipo-humano\/"},"modified":"2024-05-27T09:15:14","modified_gmt":"2024-05-27T07:15:14","slug":"equipo-humano","status":"publish","type":"page","link":"https:\/\/fundaciosantjaume.cat\/es\/equipo-humano\/","title":{"rendered":"Equipo humano"},"content":{"rendered":"<p>[et_pb_section fb_built=\u00bb1&#8243; _builder_version=\u00bb4.25.0&#8243; _module_preset=\u00bbdefault\u00bb custom_padding=\u00bb3px||48px|||\u00bb top_divider_style=\u00bbcurve2&#8243; top_divider_color=\u00bb#C51C22&#8243; top_divider_height=\u00bb155px\u00bb locked=\u00bboff\u00bb global_colors_info=\u00bb{}\u00bb][et_pb_row _builder_version=\u00bb4.25.0&#8243; _module_preset=\u00bbdefault\u00bb global_colors_info=\u00bb{}\u00bb][et_pb_column type=\u00bb4_4&#8243; _builder_version=\u00bb4.25.0&#8243; _module_preset=\u00bbdefault\u00bb global_colors_info=\u00bb{}\u00bb][et_pb_post_title meta=\u00bboff\u00bb featured_image=\u00bboff\u00bb _builder_version=\u00bb4.25.0&#8243; _module_preset=\u00bbdefault\u00bb title_font=\u00bb|800||on|||||\u00bb title_text_color=\u00bb#FFFFFF\u00bb text_orientation=\u00bbcenter\u00bb global_colors_info=\u00bb{}\u00bb][\/et_pb_post_title][\/et_pb_column][\/et_pb_row][\/et_pb_section][et_pb_section fb_built=\u00bb1&#8243; _builder_version=\u00bb4.25.0&#8243; _module_preset=\u00bbdefault\u00bb global_colors_info=\u00bb{}\u00bb][et_pb_row _builder_version=\u00bb4.25.0&#8243; _module_preset=\u00bbdefault\u00bb global_colors_info=\u00bb{}\u00bb][et_pb_column type=\u00bb4_4&#8243; _builder_version=\u00bb4.25.0&#8243; _module_preset=\u00bbdefault\u00bb global_colors_info=\u00bb{}\u00bb][et_pb_text _builder_version=\u00bb4.25.0&#8243; _module_preset=\u00bbdefault\u00bb header_2_font=\u00bb|800||on|||||\u00bb header_2_font_size=\u00bb38px\u00bb text_orientation=\u00bbcenter\u00bb module_alignment=\u00bbcenter\u00bb global_colors_info=\u00bb{}\u00bb]<\/p>\n<h2>El equipo de Fundaci\u00f3n Privada Llar Sant Jaume<\/h2>\n<p>[\/et_pb_text][et_pb_text _builder_version=\u00bb4.25.0&#8243; _module_preset=\u00bbdefault\u00bb global_colors_info=\u00bb{}\u00bb]<\/p>\n<p>El equipo de Fundaci\u00f3n Privada Llar Sant Jaume toma un papel muy importante en el mantenimiento de la calidad de vida de las personas, cuidando que sus necesidades sean satisfechas con el m\u00e1ximo respeto y dedicaci\u00f3n.<\/p>\n<p>El \u00e9xito de esta tarea no s\u00f3lo depende del conocimiento especializado, sino tambi\u00e9n de la capacidad de conectar con los usuarios a un nivel m\u00e1s personal y emp\u00e1tico, creando as\u00ed un entorno humano beneficioso, tanto para cuidadores como para personas mayores. Este intercambio enriquece la experiencia de todos los implicados, proporcionando una dimensi\u00f3n m\u00e1s profunda y gratificante en el trabajo diario.<\/p>\n<p>Un equipo de personas que se distinguen por su alto nivel de profesionalidad, implicaci\u00f3n y motivaci\u00f3n para ofrecer una atenci\u00f3n integral de m\u00e1xima calidad a las personas mayores, sin desligarla del entorno familiar.<\/p>\n<p>M\u00e1s all\u00e1 de la calificaci\u00f3n, todos ellos comparten los valores de la entidad, con un firme compromiso y una preocupaci\u00f3n genuina hacia el bienestar emocional y f\u00edsico ofreciendo una atenci\u00f3n de calidad.<\/p>\n<p>[\/et_pb_text][\/et_pb_column][\/et_pb_row][et_pb_row column_structure=\u00bb1_2,1_2&#8243; _builder_version=\u00bb4.25.0&#8243; _module_preset=\u00bbdefault\u00bb global_colors_info=\u00bb{}\u00bb][et_pb_column type=\u00bb1_2&#8243; _builder_version=\u00bb4.25.0&#8243; _module_preset=\u00bbdefault\u00bb global_colors_info=\u00bb{}\u00bb][et_pb_image src=\u00bbhttps:\/\/fundaciosantjaume.cat\/wp-content\/uploads\/2024\/05\/escena-realista-trabajador-salud-cuidando-paciente-anciano_23-2151231395-1.jpg\u00bb _builder_version=\u00bb4.25.0&#8243; _module_preset=\u00bbdefault\u00bb hover_enabled=\u00bb0&#8243; global_colors_info=\u00bb{}\u00bb title_text=\u00bbescena-realista-trabajador-salud-cuidando-paciente-anciano_23-2151231395&#8243; sticky_enabled=\u00bb0&#8243;][\/et_pb_image][\/et_pb_column][et_pb_column type=\u00bb1_2&#8243; _builder_version=\u00bb4.25.0&#8243; _module_preset=\u00bbdefault\u00bb global_colors_info=\u00bb{}\u00bb][et_pb_image src=\u00bbhttps:\/\/fundaciosantjaume.cat\/wp-content\/uploads\/2024\/05\/doctor-cuidando-mujer-mayor_23-2148962372.jpg\u00bb _builder_version=\u00bb4.25.0&#8243; _module_preset=\u00bbdefault\u00bb hover_enabled=\u00bb0&#8243; global_colors_info=\u00bb{}\u00bb title_text=\u00bbdoctor-cuidando-mujer-mayor_23-2148962372&#8243; sticky_enabled=\u00bb0&#8243;][\/et_pb_image][\/et_pb_column][\/et_pb_row][\/et_pb_section][et_pb_section fb_built=\u00bb1&#8243; _builder_version=\u00bb4.25.0&#8243; _module_preset=\u00bbdefault\u00bb global_colors_info=\u00bb{}\u00bb][et_pb_row _builder_version=\u00bb4.25.0&#8243; _module_preset=\u00bbdefault\u00bb global_colors_info=\u00bb{}\u00bb][et_pb_column type=\u00bb4_4&#8243; _builder_version=\u00bb4.25.0&#8243; _module_preset=\u00bbdefault\u00bb global_colors_info=\u00bb{}\u00bb][et_pb_text _builder_version=\u00bb4.25.0&#8243; _module_preset=\u00bbdefault\u00bb header_2_font=\u00bb|800||on|||||\u00bb header_2_font_size=\u00bb38px\u00bb text_orientation=\u00bbcenter\u00bb module_alignment=\u00bbcenter\u00bb global_colors_info=\u00bb{}\u00bb]<\/p>\n<h2>conoce a nuestra familia<\/h2>\n<p>[\/et_pb_text][et_pb_text _builder_version=\u00bb4.25.0&#8243; _module_preset=\u00bbdefault\u00bb global_colors_info=\u00bb{}\u00bb]<\/p>\n<p>Conoce el coraz\u00f3n de nuestra fundaci\u00f3n: un equipo dedicado y emp\u00e1tico, enfocado en proporcionar un cuidado de calidad y mantener la dignidad de nuestros residentes.<\/p>\n<p>[\/et_pb_text][\/et_pb_column][\/et_pb_row][et_pb_row _builder_version=\u00bb4.25.0&#8243; _module_preset=\u00bbdefault\u00bb global_colors_info=\u00bb{}\u00bb][et_pb_column type=\u00bb4_4&#8243; _builder_version=\u00bb4.25.0&#8243; _module_preset=\u00bbdefault\u00bb global_colors_info=\u00bb{}\u00bb][et_pb_gallery gallery_ids=\u00bb161,160,159,107,158,157,106,108&#8243; posts_number=\u00bb8&#8243; show_title_and_caption=\u00bboff\u00bb _builder_version=\u00bb4.25.0&#8243; _module_preset=\u00bbdefault\u00bb global_colors_info=\u00bb{}\u00bb][\/et_pb_gallery][\/et_pb_column][\/et_pb_row][\/et_pb_section][et_pb_section fb_built=\u00bb1&#8243; admin_label=\u00bbHeader &#038; Contact\u00bb _builder_version=\u00bb4.25.0&#8243; _module_preset=\u00bbdefault\u00bb background_color=\u00bb#FFFFFF\u00bb custom_padding=\u00bb30px||75px|||\u00bb bottom_divider_style=\u00bbasymmetric4&#8243; bottom_divider_color=\u00bbrgba(196,0,49,0.1)\u00bb hover_enabled=\u00bb0&#8243; locked=\u00bboff\u00bb collapsed=\u00bbon\u00bb global_colors_info=\u00bb{%22gcid-c67e4c14-9f9a-4541-bcfb-a3dbe227e267%22:%91%22background_pattern_color%22,%22background_color_gradient_stops%22%93,%22gcid-1533f4f9-5025-42ee-9c5e-1191f3d68cd0%22:%91%22background_color_gradient_stops%22%93,%22gcid-b7f06a10-4d36-4163-b049-62314b9050fc%22:%91%22background_pattern_color%22,%22background_color_gradient_stops%22%93}\u00bb sticky_enabled=\u00bb0&#8243;][et_pb_row _builder_version=\u00bb4.24.2&#8243; _module_preset=\u00bbdefault\u00bb global_colors_info=\u00bb{}\u00bb][et_pb_column type=\u00bb4_4&#8243; _builder_version=\u00bb4.24.2&#8243; _module_preset=\u00bbdefault\u00bb global_colors_info=\u00bb{}\u00bb][et_pb_text _builder_version=\u00bb4.25.0&#8243; _module_preset=\u00bbdefault\u00bb header_2_font=\u00bb|800||on|||||\u00bb header_2_font_size=\u00bb38px\u00bb text_orientation=\u00bbcenter\u00bb module_alignment=\u00bbcenter\u00bb global_colors_info=\u00bb{}\u00bb]<\/p>\n<h2>Preguntas frecuentes<\/h2>\n<p>[\/et_pb_text][et_pb_text _builder_version=\u00bb4.25.0&#8243; _module_preset=\u00bbdefault\u00bb global_colors_info=\u00bb{}\u00bb]<\/p>\n<p><span>Bienvenidos a nuestra secci\u00f3n de Preguntas Frecuentes. Aqu\u00ed encontrar\u00e1 respuestas a las consultas m\u00e1s comunes sobre nuestra fundaci\u00f3n, los servicios que ofrecemos, y c\u00f3mo puede colaborar o beneficiarse de nuestro trabajo. Esperamos que esta informaci\u00f3n le ayude a conocer mejor nuestra entidad ya resolver cualquier duda que pueda tener. Si no encuentra la respuesta que busca, no dude en contactarnos directamente.<\/span><\/p>\n<p>[\/et_pb_text][et_pb_toggle title=\u00bb\u00bfQu\u00e9 servicios ofrece la Fundaci\u00f3n Privada Llar Sant Jaume?\u00bb icon_color=\u00bb#C51C22&#8243; open_icon_color=\u00bb#C51C22&#8243; _builder_version=\u00bb4.25.0&#8243; _module_preset=\u00bbdefault\u00bb title_font=\u00bb|700|||||||\u00bb animation_style=\u00bbfade\u00bb box_shadow_style=\u00bbpreset1&#8243; global_colors_info=\u00bb{}\u00bb]<\/p>\n<p><span>La Fundaci\u00f3n Privada Llar Sant Jaume ofrece servicios integrales de residencia y centro de d\u00eda para personas mayores, dependientes o con discapacidad. Estos servicios est\u00e1n dise\u00f1ados para promover la calidad de vida de los usuarios y facilitar su integraci\u00f3n en la comunidad manteniendo la mayor autonom\u00eda posible.<\/span><\/p>\n<p>[\/et_pb_toggle][et_pb_toggle title=\u00bb\u00bfC\u00f3mo puedo contactar con la Fundaci\u00f3n para recibir m\u00e1s informaci\u00f3n?\u00bb icon_color=\u00bb#C51C22&#8243; open_icon_color=\u00bb#C51C22&#8243; _builder_version=\u00bb4.25.0&#8243; _module_preset=\u00bbdefault\u00bb title_font=\u00bb|700|||||||\u00bb animation_style=\u00bbfade\u00bb box_shadow_style=\u00bbpreset1&#8243; global_colors_info=\u00bb{}\u00bb]<\/p>\n<p><strong><\/strong><span>Puedes contactar con la Fundaci\u00f3n a trav\u00e9s de nuestros tel\u00e9fonos proporcionados en la secci\u00f3n de contacto de nuestra web, o envi\u00e1ndonos un correo electr\u00f3nico a las direcciones disponibles por cada centro. Tambi\u00e9n puedes rellenar el formulario de contacto online directamente en nuestra p\u00e1gina web.<\/span><\/p>\n<p>[\/et_pb_toggle][et_pb_toggle title=\u00bb\u00bfLa Fundaci\u00f3n es una entidad sin \u00e1nimo de lucro?\u00bb icon_color=\u00bb#C51C22&#8243; open_icon_color=\u00bb#C51C22&#8243; _builder_version=\u00bb4.25.0&#8243; _module_preset=\u00bbdefault\u00bb title_font=\u00bb|700|||||||\u00bb animation_style=\u00bbfade\u00bb box_shadow_style=\u00bbpreset1&#8243; global_colors_info=\u00bb{}\u00bb]<\/p>\n<p><strong><\/strong><span>S\u00ed, la Fundaci\u00f3n Privada Llar Sant Jaume es una entidad privada sin \u00e1nimo de lucro, inscrita en el Registro de Fundaciones del Departamento de Justicia de la Generalitat de Catalu\u00f1a con el n\u00famero 1.127, regulada por el C\u00f3digo Civil de Catalu\u00f1a relativo a las personas jur\u00eddicas.<\/span><\/p>\n<p>[\/et_pb_toggle][et_pb_toggle title=\u00bb\u00bfC\u00f3mo puedo trabajar con ustedes?\u00bb icon_color=\u00bb#C51C22&#8243; open_icon_color=\u00bb#C51C22&#8243; _builder_version=\u00bb4.25.0&#8243; _module_preset=\u00bbdefault\u00bb title_font=\u00bb|700|||||||\u00bb animation_style=\u00bbfade\u00bb box_shadow_style=\u00bbpreset1&#8243; global_colors_info=\u00bb{}\u00bb]<\/p>\n<p><strong><\/strong><span>Si est\u00e1s interesado en formar parte de nuestro equipo, puedes visitar la secci\u00f3n &#8216;Trabaja con nosotros&#8217; de nuestra web donde encontrar\u00e1s toda la informaci\u00f3n necesaria para unirte a nuestro equipo. Necesitamos personas apasionadas que deseen hacer una diferencia positiva en la vida de nuestros mayores.<\/span><\/p>\n<p>[\/et_pb_toggle][\/et_pb_column][\/et_pb_row][\/et_pb_section]<\/p>\n","protected":false},"excerpt":{"rendered":"<p>El equipo de Fundaci\u00f3n Privada Llar Sant JaumeEl equipo de Fundaci\u00f3n Privada Llar Sant Jaume toma un papel muy importante en el mantenimiento de la calidad de vida de las personas, cuidando que sus necesidades sean satisfechas con el m\u00e1ximo respeto y dedicaci\u00f3n. El \u00e9xito de esta tarea no s\u00f3lo depende del conocimiento especializado, sino [&hellip;]<\/p>\n","protected":false},"author":3,"featured_media":0,"parent":0,"menu_order":0,"comment_status":"closed","ping_status":"closed","template":"","meta":{"_et_pb_use_builder":"on","_et_pb_old_content":"","_et_gb_content_width":"","footnotes":""},"class_list":["post-339","page","type-page","status-publish","hentry"],"_links":{"self":[{"href":"https:\/\/fundaciosantjaume.cat\/es\/wp-json\/wp\/v2\/pages\/339","targetHints":{"allow":["GET"]}}],"collection":[{"href":"https:\/\/fundaciosantjaume.cat\/es\/wp-json\/wp\/v2\/pages"}],"about":[{"href":"https:\/\/fundaciosantjaume.cat\/es\/wp-json\/wp\/v2\/types\/page"}],"author":[{"embeddable":true,"href":"https:\/\/fundaciosantjaume.cat\/es\/wp-json\/wp\/v2\/users\/3"}],"replies":[{"embeddable":true,"href":"https:\/\/fundaciosantjaume.cat\/es\/wp-json\/wp\/v2\/comments?post=339"}],"version-history":[{"count":5,"href":"https:\/\/fundaciosantjaume.cat\/es\/wp-json\/wp\/v2\/pages\/339\/revisions"}],"predecessor-version":[{"id":368,"href":"https:\/\/fundaciosantjaume.cat\/es\/wp-json\/wp\/v2\/pages\/339\/revisions\/368"}],"wp:attachment":[{"href":"https:\/\/fundaciosantjaume.cat\/es\/wp-json\/wp\/v2\/media?parent=339"}],"curies":[{"name":"wp","href":"https:\/\/api.w.org\/{rel}","templated":true}]}}