{"id":341,"date":"2024-04-22T17:58:17","date_gmt":"2024-04-22T15:58:17","guid":{"rendered":"https:\/\/fundaciosantjaume.cat\/servicios\/"},"modified":"2024-05-27T09:07:18","modified_gmt":"2024-05-27T07:07:18","slug":"servicios","status":"publish","type":"page","link":"https:\/\/fundaciosantjaume.cat\/es\/servicios\/","title":{"rendered":"Servicios"},"content":{"rendered":"<p>[et_pb_section fb_built=\u00bb1&#8243; _builder_version=\u00bb4.25.0&#8243; _module_preset=\u00bbdefault\u00bb custom_padding=\u00bb3px||48px|||\u00bb top_divider_style=\u00bbcurve2&#8243; top_divider_color=\u00bb#C51C22&#8243; top_divider_height=\u00bb155px\u00bb locked=\u00bboff\u00bb global_colors_info=\u00bb{}\u00bb][et_pb_row _builder_version=\u00bb4.25.0&#8243; _module_preset=\u00bbdefault\u00bb global_colors_info=\u00bb{}\u00bb][et_pb_column type=\u00bb4_4&#8243; _builder_version=\u00bb4.25.0&#8243; _module_preset=\u00bbdefault\u00bb global_colors_info=\u00bb{}\u00bb][et_pb_post_title meta=\u00bboff\u00bb featured_image=\u00bboff\u00bb _builder_version=\u00bb4.25.0&#8243; _module_preset=\u00bbdefault\u00bb title_font=\u00bb|800||on|||||\u00bb title_text_color=\u00bb#FFFFFF\u00bb text_orientation=\u00bbcenter\u00bb global_colors_info=\u00bb{}\u00bb][\/et_pb_post_title][\/et_pb_column][\/et_pb_row][\/et_pb_section][et_pb_section fb_built=\u00bb1&#8243; _builder_version=\u00bb4.25.0&#8243; _module_preset=\u00bbdefault\u00bb background_enable_mask_style=\u00bbon\u00bb background_mask_style=\u00bbblades\u00bb background_mask_color=\u00bbrgba(196,0,49,0.02)\u00bb background_mask_transform=\u00bbflip_horizontal\u00bb custom_padding=\u00bb||25px|||\u00bb locked=\u00bboff\u00bb global_colors_info=\u00bb{}\u00bb][et_pb_row _builder_version=\u00bb4.25.0&#8243; _module_preset=\u00bbdefault\u00bb global_colors_info=\u00bb{}\u00bb][et_pb_column type=\u00bb4_4&#8243; _builder_version=\u00bb4.25.0&#8243; _module_preset=\u00bbdefault\u00bb global_colors_info=\u00bb{}\u00bb][et_pb_text _builder_version=\u00bb4.25.0&#8243; _module_preset=\u00bbdefault\u00bb header_2_font=\u00bb|800||on|||||\u00bb header_2_font_size=\u00bb38px\u00bb text_orientation=\u00bbcenter\u00bb module_alignment=\u00bbcenter\u00bb global_colors_info=\u00bb{}\u00bb]<\/p>\n<h2>CONOCE TODOS NUESTROS SERVICIOS<\/h2>\n<p>[\/et_pb_text][et_pb_text _builder_version=\u00bb4.25.0&#8243; _module_preset=\u00bbdefault\u00bb header_2_font=\u00bb|700||on|||||\u00bb header_2_font_size=\u00bb38px\u00bb text_orientation=\u00bbcenter\u00bb module_alignment=\u00bbcenter\u00bb global_colors_info=\u00bb{}\u00bb]<\/p>\n<p>Nuestros servicios de residencia y centro de d\u00eda tienen como misi\u00f3n atender a las personas mayores y personas dependientes o con movilidad reducida. Tanto los servicios de residencia como de centro de d\u00eda, velan por que las personas que conviven mantengan un alto grado de integraci\u00f3n en la vida comunitaria de su barrio participando activamente.<\/p>\n<p>&nbsp;<\/p>\n<p>[\/et_pb_text][\/et_pb_column][\/et_pb_row][et_pb_row column_structure=\u00bb1_6,1_6,1_6,1_6,1_6,1_6&#8243; _builder_version=\u00bb4.25.0&#8243; _module_preset=\u00bbdefault\u00bb custom_padding=\u00bb||9px|||\u00bb locked=\u00bboff\u00bb global_colors_info=\u00bb{}\u00bb][et_pb_column type=\u00bb1_6&#8243; _builder_version=\u00bb4.25.0&#8243; _module_preset=\u00bbdefault\u00bb global_colors_info=\u00bb{}\u00bb][et_pb_blurb title=\u00bbUnidad de Alzheimer especializada\u00bb use_icon=\u00bbon\u00bb font_icon=\u00bb&#xe05c;||fa||900&#8243; _builder_version=\u00bb4.25.0&#8243; _module_preset=\u00bbdefault\u00bb hover_enabled=\u00bb0&#8243; global_colors_info=\u00bb{}\u00bb sticky_enabled=\u00bb0&#8243;]<\/p>\n<p>Atenci\u00f3n y soporte continuos en un entorno seguro, dise\u00f1ado espec\u00edficamente para mejorar la calidad de vida de los pacientes con Alzheimer.<\/p>\n<p>[\/et_pb_blurb][\/et_pb_column][et_pb_column type=\u00bb1_6&#8243; _builder_version=\u00bb4.25.0&#8243; _module_preset=\u00bbdefault\u00bb global_colors_info=\u00bb{}\u00bb][et_pb_blurb title=\u00bbMusicoterapia\u00bb use_icon=\u00bbon\u00bb font_icon=\u00bb&#xf001;||fa||900&#8243; _builder_version=\u00bb4.25.0&#8243; _module_preset=\u00bbdefault\u00bb hover_enabled=\u00bb0&#8243; global_colors_info=\u00bb{}\u00bb title_last_edited=\u00bbon|desktop\u00bb sticky_enabled=\u00bb0&#8243; title_tablet=\u00bbMusicoterapia\u00bb title_phone=\u00bbMusicoterapia\u00bb]<\/p>\n<p>Sesiones de m\u00fasica que revitalizan el esp\u00edritu y estimulan la memoria, en un ambiente relajante y lleno de energ\u00eda positiva.<\/p>\n<p>[\/et_pb_blurb][\/et_pb_column][et_pb_column type=\u00bb1_6&#8243; _builder_version=\u00bb4.25.0&#8243; _module_preset=\u00bbdefault\u00bb global_colors_info=\u00bb{}\u00bb][et_pb_blurb title=\u00bbActividades, talleres y salidas\u00bb use_icon=\u00bbon\u00bb font_icon=\u00bb&#xf0c0;||fa||900&#8243; _builder_version=\u00bb4.25.0&#8243; _module_preset=\u00bbdefault\u00bb hover_enabled=\u00bb0&#8243; global_colors_info=\u00bb{}\u00bb sticky_enabled=\u00bb0&#8243;]<\/p>\n<p>Una agenda vibrante con actividades culturales, talleres creativos y excursiones, para mantener la mente activa y el coraz\u00f3n contento.<\/p>\n<p>[\/et_pb_blurb][\/et_pb_column][et_pb_column type=\u00bb1_6&#8243; _builder_version=\u00bb4.25.0&#8243; _module_preset=\u00bbdefault\u00bb global_colors_info=\u00bb{}\u00bb][et_pb_blurb title=\u00bbFisioterapia\u00bb use_icon=\u00bbon\u00bb font_icon=\u00bb&#xf0fa;||fa||900&#8243; _builder_version=\u00bb4.25.0&#8243; _module_preset=\u00bbdefault\u00bb hover_enabled=\u00bb0&#8243; global_colors_info=\u00bb{}\u00bb sticky_enabled=\u00bb0&#8243;]<\/p>\n<p>Servicios profesionales de fisioterapia para mejorar la movilidad y reducir el dolor personalizados a las necesidades de cada residente.<\/p>\n<p>[\/et_pb_blurb][\/et_pb_column][et_pb_column type=\u00bb1_6&#8243; _builder_version=\u00bb4.25.0&#8243; _module_preset=\u00bbdefault\u00bb global_colors_info=\u00bb{}\u00bb][et_pb_blurb title=\u00bbAsistencia m\u00e9dica integral\u00bb use_icon=\u00bbon\u00bb font_icon=\u00bb&#xf21e;||fa||900&#8243; _builder_version=\u00bb4.25.0&#8243; _module_preset=\u00bbdefault\u00bb hover_enabled=\u00bb0&#8243; global_colors_info=\u00bb{}\u00bb sticky_enabled=\u00bb0&#8243;]<\/p>\n<p>Acceso a atenci\u00f3n m\u00e9dica de primera calidad las 24 horas, asegurando bienestar y tranquilidad para todos nuestros residentes.<\/p>\n<p>[\/et_pb_blurb][\/et_pb_column][et_pb_column type=\u00bb1_6&#8243; _builder_version=\u00bb4.25.0&#8243; _module_preset=\u00bbdefault\u00bb global_colors_info=\u00bb{}\u00bb][et_pb_blurb title=\u00bbTerapia con animales\u00bb use_icon=\u00bbon\u00bb font_icon=\u00bb&#xf1b0;||fa||900&#8243; _builder_version=\u00bb4.25.0&#8243; _module_preset=\u00bbdefault\u00bb hover_enabled=\u00bb0&#8243; global_colors_info=\u00bb{}\u00bb sticky_enabled=\u00bb0&#8243;]<\/p>\n<p>Interacciones llenas de amor con animales que mejoran el \u00e1nimo y fomentan una mayor sociabilidad en un ambiente terap\u00e9utico.<\/p>\n<p>[\/et_pb_blurb][\/et_pb_column][\/et_pb_row][\/et_pb_section][et_pb_section fb_built=\u00bb1&#8243; _builder_version=\u00bb4.25.0&#8243; _module_preset=\u00bbdefault\u00bb background_enable_mask_style=\u00bbon\u00bb background_mask_style=\u00bbblades\u00bb background_mask_color=\u00bbrgba(196,0,49,0.02)\u00bb background_mask_transform=\u00bbflip_horizontal\u00bb custom_padding=\u00bb||25px|||\u00bb bottom_divider_color=\u00bbrgba(196,0,49,0.1)\u00bb hover_enabled=\u00bb0&#8243; locked=\u00bboff\u00bb global_colors_info=\u00bb{}\u00bb sticky_enabled=\u00bb0&#8243;][et_pb_row _builder_version=\u00bb4.25.0&#8243; _module_preset=\u00bbdefault\u00bb global_colors_info=\u00bb{}\u00bb][et_pb_column type=\u00bb4_4&#8243; _builder_version=\u00bb4.25.0&#8243; _module_preset=\u00bbdefault\u00bb global_colors_info=\u00bb{}\u00bb][et_pb_text _builder_version=\u00bb4.25.0&#8243; _module_preset=\u00bbdefault\u00bb header_2_font=\u00bb|800||on|||||\u00bb header_2_font_size=\u00bb38px\u00bb text_orientation=\u00bbcenter\u00bb module_alignment=\u00bbcenter\u00bb global_colors_info=\u00bb{}\u00bb]<\/p>\n<h2>servicios para sentirse como en casa<\/h2>\n<p>[\/et_pb_text][\/et_pb_column][\/et_pb_row][et_pb_row column_structure=\u00bb1_3,2_3&#8243; _builder_version=\u00bb4.25.0&#8243; _module_preset=\u00bbdefault\u00bb custom_padding=\u00bb||107px|||\u00bb global_colors_info=\u00bb{}\u00bb][et_pb_column type=\u00bb1_3&#8243; _builder_version=\u00bb4.25.0&#8243; _module_preset=\u00bbdefault\u00bb global_colors_info=\u00bb{}\u00bb][et_pb_text _builder_version=\u00bb4.25.0&#8243; _module_preset=\u00bbdefault\u00bb global_colors_info=\u00bb{}\u00bb]<\/p>\n<p>En la <strong>Fundaci\u00f3n Privada Llar Sant Jaume<\/strong> , nuestras instalaciones operan como centros de puertas abiertas, permitiendo que los usuarios entren y salgan como lo har\u00edan en sus propios domicilios. Esta flexibilidad se dise\u00f1a para promover la m\u00e1xima autonom\u00eda personal, ofreciendo al mismo tiempo una atenci\u00f3n personalizada y soporte para una vida independiente. Nuestro compromiso con la independencia se ve reforzado por el equipamiento de las \u00faltimas tecnolog\u00edas de asistencia en todas nuestras instalaciones, as\u00ed como por un equipo de profesionales siempre disponibles para responder r\u00e1pida y eficazmente a cualquier necesidad o emergencia que pueda surgir .<\/p>\n<p>Ofrecemos servicios tanto de car\u00e1cter permanente como temporal, proporcionando atenci\u00f3n a los 365 d\u00edas del a\u00f1o, las 24 horas del d\u00eda. Esta atenci\u00f3n se personaliza para adaptarse a las necesidades espec\u00edficas de cada persona y familia. Adicionalmente, nuestros programas est\u00e1n especialmente dise\u00f1ados para alentar la participaci\u00f3n activa de los residentes en la comunidad local. Incluimos una variedad de actividades, como salidas culturales, talleres creativos y sesiones de fisioterapia y rehabilitaci\u00f3n, todo ello con el objetivo de mantener la alegr\u00eda de vivir y promover la salud integral de nuestros mayores.<\/p>\n<p>[\/et_pb_text][\/et_pb_column][et_pb_column type=\u00bb2_3&#8243; _builder_version=\u00bb4.25.0&#8243; _module_preset=\u00bbdefault\u00bb global_colors_info=\u00bb{}\u00bb][et_pb_image src=\u00bbhttps:\/\/fundaciosantjaume.cat\/wp-content\/uploads\/2024\/05\/escena-realista-trabajador-salud-cuidando-paciente-anciano_23-2151231395.jpg\u00bb title_text=\u00bbescena-realista-trabajador-salud-cuidando-paciente-anciano_23-2151231395&#8243; _builder_version=\u00bb4.25.0&#8243; _module_preset=\u00bbdefault\u00bb global_colors_info=\u00bb{}\u00bb][\/et_pb_image][\/et_pb_column][\/et_pb_row][\/et_pb_section]<\/p>\n","protected":false},"excerpt":{"rendered":"<p>CONOCE TODOS NUESTROS SERVICIOSNuestros servicios de residencia y centro de d\u00eda tienen como misi\u00f3n atender a las personas mayores y personas dependientes o con movilidad reducida. Tanto los servicios de residencia como de centro de d\u00eda, velan por que las personas que conviven mantengan un alto grado de integraci\u00f3n en la vida comunitaria de su [&hellip;]<\/p>\n","protected":false},"author":3,"featured_media":0,"parent":0,"menu_order":0,"comment_status":"closed","ping_status":"closed","template":"","meta":{"_et_pb_use_builder":"on","_et_pb_old_content":"","_et_gb_content_width":"","footnotes":""},"class_list":["post-341","page","type-page","status-publish","hentry"],"_links":{"self":[{"href":"https:\/\/fundaciosantjaume.cat\/es\/wp-json\/wp\/v2\/pages\/341","targetHints":{"allow":["GET"]}}],"collection":[{"href":"https:\/\/fundaciosantjaume.cat\/es\/wp-json\/wp\/v2\/pages"}],"about":[{"href":"https:\/\/fundaciosantjaume.cat\/es\/wp-json\/wp\/v2\/types\/page"}],"author":[{"embeddable":true,"href":"https:\/\/fundaciosantjaume.cat\/es\/wp-json\/wp\/v2\/users\/3"}],"replies":[{"embeddable":true,"href":"https:\/\/fundaciosantjaume.cat\/es\/wp-json\/wp\/v2\/comments?post=341"}],"version-history":[{"count":2,"href":"https:\/\/fundaciosantjaume.cat\/es\/wp-json\/wp\/v2\/pages\/341\/revisions"}],"predecessor-version":[{"id":354,"href":"https:\/\/fundaciosantjaume.cat\/es\/wp-json\/wp\/v2\/pages\/341\/revisions\/354"}],"wp:attachment":[{"href":"https:\/\/fundaciosantjaume.cat\/es\/wp-json\/wp\/v2\/media?parent=341"}],"curies":[{"name":"wp","href":"https:\/\/api.w.org\/{rel}","templated":true}]}}