{"id":344,"date":"2024-04-16T11:07:41","date_gmt":"2024-04-16T09:07:41","guid":{"rendered":"https:\/\/fundaciosantjaume.cat\/hombre\/"},"modified":"2024-05-27T09:49:55","modified_gmt":"2024-05-27T07:49:55","slug":"hombre","status":"publish","type":"page","link":"https:\/\/fundaciosantjaume.cat\/es\/","title":{"rendered":"Home"},"content":{"rendered":"<p>[et_pb_section fb_built=\u00bb1&#8243; next_background_color=\u00bb#ffffff\u00bb _builder_version=\u00bb4.25.0&#8243; _module_preset=\u00bbdefault\u00bb background_color=\u00bbrgba(0,0,0,0.5)\u00bb background_image=\u00bbhttps:\/\/fundaciosantjaume.cat\/wp-content\/uploads\/2024\/04\/LlarSantJaume.png\u00bb background_blend=\u00bboverlay\u00bb custom_margin=\u00bb0vw||0vw||true|false\u00bb custom_padding=\u00bb7vw||24vw||false|false\u00bb bottom_divider_style=\u00bbcurve2&#8243; bottom_divider_height=\u00bb160px\u00bb global_colors_info=\u00bb{}\u00bb][et_pb_row _builder_version=\u00bb4.24.3&#8243; _module_preset=\u00bbdefault\u00bb global_colors_info=\u00bb{}\u00bb][et_pb_column type=\u00bb4_4&#8243; _builder_version=\u00bb4.24.3&#8243; _module_preset=\u00bbdefault\u00bb global_colors_info=\u00bb{}\u00bb][et_pb_text _builder_version=\u00bb4.25.0&#8243; _module_preset=\u00bbdefault\u00bb header_font=\u00bb|800|||||||\u00bb header_text_align=\u00bbcenter\u00bb header_text_color=\u00bb#FFFFFF\u00bb header_font_size=\u00bb64px\u00bb custom_margin=\u00bb||47px|||\u00bb hover_enabled=\u00bb0&#8243; header_font_size_tablet=\u00bb64px\u00bb header_font_size_phone=\u00bb34px\u00bb header_font_size_last_edited=\u00bbon|phone\u00bb header_text_shadow_style=\u00bbpreset3&#8243; global_colors_info=\u00bb{}\u00bb sticky_enabled=\u00bb0&#8243;]<\/p>\n<h1><strong>Bienvenidos a Llar Sant Jaume Cuidado y Compromiso en Cada Etapa<\/strong><\/h1>\n<p>[\/et_pb_text][et_pb_text _builder_version=\u00bb4.25.0&#8243; _module_preset=\u00bbdefault\u00bb text_font=\u00bb|600|||||||\u00bb text_text_color=\u00bb#FFFFFF\u00bb text_font_size=\u00bb20px\u00bb header_font=\u00bb|800|||||||\u00bb header_text_align=\u00bbcenter\u00bb header_text_color=\u00bb#FFFFFF\u00bb header_font_size=\u00bb64px\u00bb text_orientation=\u00bbcenter\u00bb custom_margin=\u00bb||59px|||\u00bb header_text_shadow_style=\u00bbpreset3&#8243; global_colors_info=\u00bb{}\u00bb]<\/p>\n<p><em>Descubre un entorno en el que el respeto y la empat\u00eda hacia nuestros mayores son la base de todo lo que hacemos.<\/em><\/p>\n<p>[\/et_pb_text][et_pb_button button_url=\u00bb@ET-DC@eyJkeW5hbWljIjp0cnVlLCJjb250ZW50IjoicG9zdF9saW5rX3VybF9wYWdlIiwic2V0dGluZ3MiOnsicG9zdF9pZCI6IjI2In19@\u00bb button_text=\u00bb\u00bfQu\u00e9 ofrecemos?\u00bb button_alignment=\u00bbcenter\u00bb _builder_version=\u00bb4.25.0&#8243; _dynamic_attributes=\u00bbbutton_url\u00bb _module_preset=\u00bbdefault\u00bb custom_button=\u00bbon\u00bb button_text_size=\u00bb22px\u00bb button_text_color=\u00bb#FFFFFF\u00bb button_border_width=\u00bb2px\u00bb button_border_radius=\u00bb5px\u00bb button_font=\u00bb|600|||||||\u00bb global_colors_info=\u00bb{}\u00bb][\/et_pb_button][\/et_pb_column][\/et_pb_row][\/et_pb_section][et_pb_section fb_built=\u00bb1&#8243; _builder_version=\u00bb4.25.0&#8243; _module_preset=\u00bbdefault\u00bb background_enable_mask_style=\u00bbon\u00bb background_mask_style=\u00bbdiagonal-bars\u00bb background_mask_color=\u00bbrgba(196,0,49,0.02)\u00bb background_mask_transform=\u00bbinvert|rotate_90_degree\u00bb custom_padding=\u00bb||25px|||\u00bb locked=\u00bboff\u00bb global_colors_info=\u00bb{}\u00bb][et_pb_row _builder_version=\u00bb4.25.0&#8243; _module_preset=\u00bbdefault\u00bb global_colors_info=\u00bb{}\u00bb][et_pb_column type=\u00bb4_4&#8243; _builder_version=\u00bb4.25.0&#8243; _module_preset=\u00bbdefault\u00bb global_colors_info=\u00bb{}\u00bb][et_pb_text _builder_version=\u00bb4.25.0&#8243; _module_preset=\u00bbdefault\u00bb header_2_font=\u00bb|800||on|||||\u00bb header_2_font_size=\u00bb38px\u00bb text_orientation=\u00bbcenter\u00bb module_alignment=\u00bbcenter\u00bb global_colors_info=\u00bb{}\u00bb]<\/p>\n<h2>descubre Nuestros centros<\/h2>\n<p>[\/et_pb_text][et_pb_text _builder_version=\u00bb4.25.0&#8243; _module_preset=\u00bbdefault\u00bb header_2_font=\u00bb|700||on|||||\u00bb header_2_font_size=\u00bb38px\u00bb text_orientation=\u00bbcenter\u00bb module_alignment=\u00bbcenter\u00bb global_colors_info=\u00bb{}\u00bb]<\/p>\n<p>En la Fundaci\u00f3n Privada Llar Sant Jaume, ofrecemos un ambiente c\u00e1lido y acogedor en nuestras dos mini residencias ubicadas en el coraz\u00f3n de la Bordeta. Cada centro est\u00e1 dise\u00f1ado con el objetivo de proporcionar un entorno familiar y seguro, en el que nuestros residentes pueden disfrutar de su vida con plena independencia y dignidad.<\/p>\n<p>[\/et_pb_text][\/et_pb_column][\/et_pb_row][et_pb_row column_structure=\u00bb1_3,1_3,1_3&#8243; _builder_version=\u00bb4.25.0&#8243; _module_preset=\u00bbdefault\u00bb custom_padding=\u00bb||9px|||\u00bb global_colors_info=\u00bb{}\u00bb][et_pb_column type=\u00bb1_3&#8243; _builder_version=\u00bb4.25.0&#8243; _module_preset=\u00bbdefault\u00bb global_colors_info=\u00bb{}\u00bb][et_pb_text _builder_version=\u00bb4.25.0&#8243; _module_preset=\u00bbdefault\u00bb header_2_font=\u00bb|700||on|||||\u00bb header_2_font_size=\u00bb38px\u00bb header_3_font=\u00bb|700|||||||\u00bb header_3_text_color=\u00bb#C51C22&#8243; header_3_font_size=\u00bb24px\u00bb text_orientation=\u00bbcenter\u00bb module_alignment=\u00bbcenter\u00bb global_colors_info=\u00bb{}\u00bb]<\/p>\n<h3>Residencia La Nostra Llar Sant Jaume I<\/h3>\n<p>[\/et_pb_text][et_pb_text _builder_version=\u00bb4.25.0&#8243; _module_preset=\u00bbdefault\u00bb header_2_font=\u00bb|700||on|||||\u00bb header_2_font_size=\u00bb38px\u00bb header_3_font=\u00bb|700|||||||\u00bb header_3_text_color=\u00bb#C51C22&#8243; header_3_font_size=\u00bb24px\u00bb text_orientation=\u00bbcenter\u00bb module_alignment=\u00bbcenter\u00bb global_colors_info=\u00bb{}\u00bb]<\/p>\n<p>C\/ Francesc de Sales, 11<\/p>\n<p>25001 LLEIDA<\/p>\n<p>973 201 241<\/p>\n<p><a href=\"mailto:santjaume1@fundaciosantjaume.cat\">santjaume1@fundaciosantjaume.cat<\/a><\/p>\n<p>[\/et_pb_text][\/et_pb_column][et_pb_column type=\u00bb1_3&#8243; _builder_version=\u00bb4.25.0&#8243; _module_preset=\u00bbdefault\u00bb global_colors_info=\u00bb{}\u00bb][et_pb_text _builder_version=\u00bb4.25.0&#8243; _module_preset=\u00bbdefault\u00bb header_2_font=\u00bb|700||on|||||\u00bb header_2_font_size=\u00bb38px\u00bb header_3_font=\u00bb|700|||||||\u00bb header_3_text_color=\u00bb#C51C22&#8243; header_3_font_size=\u00bb24px\u00bb text_orientation=\u00bbcenter\u00bb module_alignment=\u00bbcenter\u00bb global_colors_info=\u00bb{}\u00bb]<\/p>\n<h3>Residencia La Nostra Llar Sant Jaume II<\/h3>\n<p>[\/et_pb_text][et_pb_text _builder_version=\u00bb4.25.0&#8243; _module_preset=\u00bbdefault\u00bb header_2_font=\u00bb|700||on|||||\u00bb header_2_font_size=\u00bb38px\u00bb header_3_font=\u00bb|700|||||||\u00bb header_3_text_color=\u00bb#C51C22&#8243; header_3_font_size=\u00bb24px\u00bb text_orientation=\u00bbcenter\u00bb module_alignment=\u00bbcenter\u00bb global_colors_info=\u00bb{}\u00bb]<\/p>\n<p>C\/ Hostal de la Bordeta, 18<\/p>\n<p>25001 LLEIDA<\/p>\n<p>973 211 250<\/p>\n<p><a href=\"mailto:santjaume2@fundaciosantjaume.cat\">santjaume2@fundaciosantjaume.cat<\/a><\/p>\n<p>[\/et_pb_text][\/et_pb_column][et_pb_column type=\u00bb1_3&#8243; _builder_version=\u00bb4.25.0&#8243; _module_preset=\u00bbdefault\u00bb global_colors_info=\u00bb{}\u00bb][et_pb_text _builder_version=\u00bb4.25.0&#8243; _module_preset=\u00bbdefault\u00bb header_2_font=\u00bb|700||on|||||\u00bb header_2_font_size=\u00bb38px\u00bb header_3_font=\u00bb|700|||||||\u00bb header_3_text_color=\u00bb#C51C22&#8243; header_3_font_size=\u00bb24px\u00bb text_orientation=\u00bbcenter\u00bb module_alignment=\u00bbcenter\u00bb global_colors_info=\u00bb{}\u00bb]<\/p>\n<h3>Centro de D\u00eda La Nostra Llar Sant Jaume<\/h3>\n<p>[\/et_pb_text][et_pb_text _builder_version=\u00bb4.25.0&#8243; _module_preset=\u00bbdefault\u00bb header_2_font=\u00bb|700||on|||||\u00bb header_2_font_size=\u00bb38px\u00bb header_3_font=\u00bb|700|||||||\u00bb header_3_text_color=\u00bb#C51C22&#8243; header_3_font_size=\u00bb24px\u00bb text_orientation=\u00bbcenter\u00bb module_alignment=\u00bbcenter\u00bb global_colors_info=\u00bb{}\u00bb]<\/p>\n<p>C\/ Hostal de la Bordeta, 18<\/p>\n<p>25001 LLEIDA<\/p>\n<p>973 211 250<\/p>\n<p><a href=\"mailto:santjaume2@fundaciosantjaume.cat\">santjaume2@fundaciosantjaume.cat<\/a><\/p>\n<p>[\/et_pb_text][\/et_pb_column][\/et_pb_row][et_pb_row _builder_version=\u00bb4.25.0&#8243; _module_preset=\u00bbdefault\u00bb global_colors_info=\u00bb{}\u00bb][et_pb_column type=\u00bb4_4&#8243; _builder_version=\u00bb4.25.0&#8243; _module_preset=\u00bbdefault\u00bb global_colors_info=\u00bb{}\u00bb][et_pb_button button_text=\u00bb\u00a1Quiero saber m\u00e1s!\u00bb button_alignment=\u00bbcenter\u00bb _builder_version=\u00bb4.25.0&#8243; _module_preset=\u00bbdefault\u00bb custom_button=\u00bbon\u00bb button_text_size=\u00bb22px\u00bb button_border_width=\u00bb2px\u00bb button_border_radius=\u00bb5px\u00bb button_font=\u00bb|600|||||||\u00bb locked=\u00bboff\u00bb global_colors_info=\u00bb{}\u00bb][\/et_pb_button][\/et_pb_column][\/et_pb_row][\/et_pb_section][et_pb_section fb_built=\u00bb1&#8243; _builder_version=\u00bb4.25.0&#8243; _module_preset=\u00bbdefault\u00bb background_enable_mask_style=\u00bbon\u00bb background_mask_style=\u00bbsquare-stripes\u00bb background_mask_color=\u00bbrgba(196,0,49,0.02)\u00bb background_mask_transform=\u00bbinvert|rotate_90_degree\u00bb bottom_divider_color=\u00bbrgba(196,0,49,0.1)\u00bb bottom_divider_height=\u00bb50px\u00bb global_colors_info=\u00bb{}\u00bb][et_pb_row _builder_version=\u00bb4.24.3&#8243; _module_preset=\u00bbdefault\u00bb global_colors_info=\u00bb{}\u00bb][et_pb_column type=\u00bb4_4&#8243; _builder_version=\u00bb4.24.3&#8243; _module_preset=\u00bbdefault\u00bb global_colors_info=\u00bb{}\u00bb][et_pb_text _builder_version=\u00bb4.25.0&#8243; _module_preset=\u00bbdefault\u00bb header_2_font=\u00bb|800||on|||||\u00bb header_2_font_size=\u00bb38px\u00bb module_alignment=\u00bbcenter\u00bb header_2_font_size_tablet=\u00bb38px\u00bb header_2_font_size_phone=\u00bb32px\u00bb header_2_font_size_last_edited=\u00bbon|phone\u00bb global_colors_info=\u00bb{}\u00bb]<\/p>\n<h2>Nuestros servicios<\/h2>\n<p>[\/et_pb_text][et_pb_text _builder_version=\u00bb4.25.0&#8243; _module_preset=\u00bbdefault\u00bb header_2_font=\u00bb|700||on|||||\u00bb header_2_font_size=\u00bb38px\u00bb header_3_font=\u00bb|700|||||||\u00bb header_3_text_color=\u00bb#C51C22&#8243; header_3_font_size=\u00bb24px\u00bb module_alignment=\u00bbcenter\u00bb global_colors_info=\u00bb{}\u00bb]<\/p>\n<h3>\u00bfQu\u00e9 ofrecemos?<\/h3>\n<p>[\/et_pb_text][et_pb_text _builder_version=\u00bb4.25.0&#8243; _module_preset=\u00bbdefault\u00bb global_colors_info=\u00bb{}\u00bb]<\/p>\n<p>Nuestros servicios de residencia y centro de d\u00eda tienen como misi\u00f3n atender a las personas mayores y personas dependientes o con movilidad reducida. Tanto los servicios de residencia como de centro de d\u00eda, velan por que las personas que conviven mantengan un alto grado de integraci\u00f3n en la vida comunitaria de su barrio participando activamente.<\/p>\n<p>Por eso son centros de puertas abiertas, en los que los usuarios pueden entrar y salir tal y como lo har\u00edan en su propio domicilio, buscando siempre la m\u00e1xima autonom\u00eda personal, una atenci\u00f3n personalizada y una vida independiente.<\/p>\n<p>De car\u00e1cter permanente o temporal, ofrecemos atenci\u00f3n a los 365 d\u00edas del a\u00f1o, las 24 horas del d\u00eda, adapt\u00e1ndonos a las necesidades espec\u00edficas de cada persona y familia.<\/p>\n<p>[\/et_pb_text][\/et_pb_column][\/et_pb_row][et_pb_row column_structure=\u00bb1_3,1_3,1_3&#8243; _builder_version=\u00bb4.25.0&#8243; _module_preset=\u00bbdefault\u00bb global_colors_info=\u00bb{}\u00bb][et_pb_column type=\u00bb1_3&#8243; _builder_version=\u00bb4.25.0&#8243; _module_preset=\u00bbdefault\u00bb global_colors_info=\u00bb{}\u00bb][et_pb_image src=\u00bbhttps:\/\/fundaciosantjaume.cat\/wp-content\/uploads\/2024\/04\/LlarSantJaume4.jpg\u00bb title_text=\u00bbHogarSantJaume(4)\u00bb _builder_version=\u00bb4.25.0&#8243; _module_preset=\u00bbdefault\u00bb global_colors_info=\u00bb{}\u00bb][\/et_pb_image][\/et_pb_column][et_pb_column type=\u00bb1_3&#8243; _builder_version=\u00bb4.25.0&#8243; _module_preset=\u00bbdefault\u00bb global_colors_info=\u00bb{}\u00bb][et_pb_image src=\u00bbhttps:\/\/fundaciosantjaume.cat\/wp-content\/uploads\/2024\/04\/LlarSantJaume.jpg\u00bb title_text=\u00bbHogarSantJaume\u00bb _builder_version=\u00bb4.25.0&#8243; _module_preset=\u00bbdefault\u00bb global_colors_info=\u00bb{}\u00bb][\/et_pb_image][\/et_pb_column][et_pb_column type=\u00bb1_3&#8243; _builder_version=\u00bb4.25.0&#8243; _module_preset=\u00bbdefault\u00bb global_colors_info=\u00bb{}\u00bb][et_pb_image src=\u00bbhttps:\/\/fundaciosantjaume.cat\/wp-content\/uploads\/2024\/04\/LlarSantJaume6.jpg\u00bb title_text=\u00bbHogarSantJaume(6)\u00bb _builder_version=\u00bb4.25.0&#8243; _module_preset=\u00bbdefault\u00bb global_colors_info=\u00bb{}\u00bb][\/et_pb_image][\/et_pb_column][\/et_pb_row][et_pb_row _builder_version=\u00bb4.25.0&#8243; _module_preset=\u00bbdefault\u00bb global_colors_info=\u00bb{}\u00bb][et_pb_column type=\u00bb4_4&#8243; _builder_version=\u00bb4.25.0&#8243; _module_preset=\u00bbdefault\u00bb global_colors_info=\u00bb{}\u00bb][et_pb_button button_text=\u00bb\u00a1Quiero saber m\u00e1s!\u00bb button_alignment=\u00bbcenter\u00bb _builder_version=\u00bb4.25.0&#8243; _module_preset=\u00bbdefault\u00bb custom_button=\u00bbon\u00bb button_text_size=\u00bb22px\u00bb button_border_width=\u00bb2px\u00bb button_border_radius=\u00bb5px\u00bb button_font=\u00bb|600|||||||\u00bb locked=\u00bboff\u00bb global_colors_info=\u00bb{}\u00bb][\/et_pb_button][\/et_pb_column][\/et_pb_row][\/et_pb_section][et_pb_section fb_built=\u00bb1&#8243; _builder_version=\u00bb4.25.0&#8243; _module_preset=\u00bbdefault\u00bb background_enable_mask_style=\u00bbon\u00bb background_mask_style=\u00bbsquare-stripes\u00bb background_mask_color=\u00bbrgba(196,0,49,0.02)\u00bb background_mask_transform=\u00bbinvert\u00bb bottom_divider_style=\u00bbmountains2&#8243; bottom_divider_color=\u00bbrgba(196,0,49,0.1)\u00bb bottom_divider_height=\u00bb50px\u00bb global_colors_info=\u00bb{}\u00bb][et_pb_row column_structure=\u00bb2_5,3_5&#8243; _builder_version=\u00bb4.24.3&#8243; _module_preset=\u00bbdefault\u00bb global_colors_info=\u00bb{}\u00bb][et_pb_column type=\u00bb2_5&#8243; _builder_version=\u00bb4.24.3&#8243; _module_preset=\u00bbdefault\u00bb global_colors_info=\u00bb{}\u00bb][et_pb_text _builder_version=\u00bb4.25.0&#8243; _module_preset=\u00bbdefault\u00bb header_2_font=\u00bb|800||on|||||\u00bb header_2_font_size=\u00bb38px\u00bb module_alignment=\u00bbcenter\u00bb header_2_font_size_tablet=\u00bb38px\u00bb header_2_font_size_phone=\u00bb32px\u00bb header_2_font_size_last_edited=\u00bbon|phone\u00bb global_colors_info=\u00bb{}\u00bb]<\/p>\n<h2>Nuestra misi\u00f3n y nuestros servicios en las Tierras de Lleida<\/h2>\n<p>[\/et_pb_text][et_pb_text _builder_version=\u00bb4.25.0&#8243; _module_preset=\u00bbdefault\u00bb header_2_font=\u00bb|700||on|||||\u00bb header_2_font_size=\u00bb38px\u00bb header_3_font=\u00bb|700|||||||\u00bb header_3_text_color=\u00bb#C51C22&#8243; header_3_font_size=\u00bb24px\u00bb module_alignment=\u00bbcenter\u00bb global_colors_info=\u00bb{}\u00bb]<\/p>\n<h3>\u00bfQui\u00e9nes somos?<\/h3>\n<p>[\/et_pb_text][et_pb_text _builder_version=\u00bb4.25.0&#8243; _module_preset=\u00bbdefault\u00bb global_colors_info=\u00bb{}\u00bb]<\/p>\n<p>Fundaci\u00f3 Privada Llar Sant Jaume es una entidad de iniciativa social que se dedica al cuidado de las personas mayores, dependientes o con discapacidad en las Tierras de Lleida.  <\/p>\n<p>El principal objetivo se centra en acompa\u00f1ar a las personas mayores en todos los \u00e1mbitos de su vida, as\u00ed como a sus familias, sin desligarlas de su entorno m\u00e1s cercano.  <\/p>\n<p>Es una entidad privada sin \u00e1nimo de lucro, inscrita en el Registro de Fundaciones del Departamento de Justicia de la Generalitat de Catalu\u00f1a con el n\u00famero 1.127 y regulada por C\u00f3digo Civil de Catalu\u00f1a, relativo a las personas jur\u00eddicas.<\/p>\n<p>[\/et_pb_text][\/et_pb_column][et_pb_column type=\u00bb3_5&#8243; _builder_version=\u00bb4.24.3&#8243; _module_preset=\u00bbdefault\u00bb global_colors_info=\u00bb{}\u00bb][et_pb_image src=\u00bbhttps:\/\/fundaciosantjaume.cat\/wp-content\/uploads\/2024\/04\/LlarSantJaume2.jpg\u00bb title_text=\u00bbHogarSantJaume(2)\u00bb _builder_version=\u00bb4.25.0&#8243; _module_preset=\u00bbdefault\u00bb global_colors_info=\u00bb{}\u00bb][\/et_pb_image][\/et_pb_column][\/et_pb_row][et_pb_row column_structure=\u00bb3_5,2_5&#8243; _builder_version=\u00bb4.24.3&#8243; _module_preset=\u00bbdefault\u00bb global_colors_info=\u00bb{}\u00bb][et_pb_column type=\u00bb3_5&#8243; _builder_version=\u00bb4.24.3&#8243; _module_preset=\u00bbdefault\u00bb global_colors_info=\u00bb{}\u00bb][et_pb_image src=\u00bbhttps:\/\/fundaciosantjaume.cat\/wp-content\/uploads\/2024\/05\/mujer-sonriente-que-sostiene-libro-que-sienta-su-abuelita-travesano-ventana_23-2148202831.jpg\u00bb title_text=\u00bbmujer-sonriente-que-sostiene-libro-que-sienta-su-abuelita-travesano-ventana_23-2148202831&#8243; _builder_version=\u00bb4.25.0&#8243; _module_preset=\u00bbdefault\u00bb global_colors_info=\u00bb{}\u00bb][\/et_pb_image][\/et_pb_column][et_pb_column type=\u00bb2_5&#8243; _builder_version=\u00bb4.24.3&#8243; _module_preset=\u00bbdefault\u00bb global_colors_info=\u00bb{}\u00bb][et_pb_text _builder_version=\u00bb4.25.0&#8243; _module_preset=\u00bbdefault\u00bb header_2_font=\u00bb|700||on|||||\u00bb header_2_font_size=\u00bb38px\u00bb header_3_font=\u00bb|700|||||||\u00bb header_3_text_color=\u00bb#C51C22&#8243; header_3_font_size=\u00bb24px\u00bb module_alignment=\u00bbcenter\u00bb global_colors_info=\u00bb{}\u00bb]<\/p>\n<h3>HISTORIA<\/h3>\n<p>[\/et_pb_text][et_pb_text _builder_version=\u00bb4.25.0&#8243; _module_preset=\u00bbdefault\u00bb global_colors_info=\u00bb{}\u00bb]<\/p>\n<p>La entidad nace en mayo de 1997, con motivo de la inquietud de varias personas por mejorar el bienestar de las personas mayores. Con esta voluntad, surgen las dos mini residencias, que ofrecen servicios de residencia y centro de d\u00eda en el barrio de la Bordeta de Lleida. Durante los 25 a\u00f1os de actividad, la entidad se ha consolidado en el sector transmitiendo aquellos valores que le son inherentes; respeto, proximidad y empat\u00eda por las personas mayores.<\/p>\n<p>A partir de enero del a\u00f1o 2022, la entidad pasa a forma parte de ADESMA FUNDACI\u00d3N PRIVADA, convirti\u00e9ndose ambas entidades en las \u00fanicas fundaciones sin \u00e1nimo de lucro dedicadas a las personas mayores en las Terres de Lleida.  <\/p>\n<p>[\/et_pb_text][\/et_pb_column][\/et_pb_row][\/et_pb_section][et_pb_section fb_built=\u00bb1&#8243; _builder_version=\u00bb4.25.0&#8243; _module_preset=\u00bbdefault\u00bb background_enable_mask_style=\u00bbon\u00bb background_mask_style=\u00bbsquare-stripes\u00bb background_mask_color=\u00bbrgba(196,0,49,0.02)\u00bb background_mask_transform=\u00bbinvert\u00bb custom_padding=\u00bb111px|||||\u00bb top_divider_style=\u00bbarrow3&#8243; top_divider_color=\u00bbrgba(196,0,49,0.1)\u00bb bottom_divider_color=\u00bbrgba(196,0,49,0.1)\u00bb bottom_divider_height=\u00bb50px\u00bb global_colors_info=\u00bb{}\u00bb][et_pb_row _builder_version=\u00bb4.24.3&#8243; _module_preset=\u00bbdefault\u00bb global_colors_info=\u00bb{}\u00bb][et_pb_column type=\u00bb4_4&#8243; _builder_version=\u00bb4.24.3&#8243; _module_preset=\u00bbdefault\u00bb global_colors_info=\u00bb{}\u00bb][et_pb_text _builder_version=\u00bb4.25.0&#8243; _module_preset=\u00bbdefault\u00bb header_2_font=\u00bb|700||on|||||\u00bb header_2_text_color=\u00bb#C51C22&#8243; header_2_font_size=\u00bb38px\u00bb header_3_font=\u00bb|700|||||||\u00bb header_3_text_color=\u00bb#C51C22&#8243; header_3_font_size=\u00bb24px\u00bb module_alignment=\u00bbcenter\u00bb global_colors_info=\u00bb{}\u00bb]<\/p>\n<h2>COLABORA CON NOSOTROS<\/h2>\n<p>[\/et_pb_text][et_pb_text _builder_version=\u00bb4.25.0&#8243; _module_preset=\u00bbdefault\u00bb global_colors_info=\u00bb{}\u00bb]<\/p>\n<p>\u00bfTe gustar\u00eda contribuir econ\u00f3micamente a la mejora de la Llar Sant Jaume? \u00a1Puedes hacerlo a trav\u00e9s de nuestra web!<\/p>\n<p>[\/et_pb_text][\/et_pb_column][\/et_pb_row][et_pb_row _builder_version=\u00bb4.24.3&#8243; _module_preset=\u00bbdefault\u00bb global_colors_info=\u00bb{}\u00bb][et_pb_column type=\u00bb4_4&#8243; _builder_version=\u00bb4.24.3&#8243; _module_preset=\u00bbdefault\u00bb global_colors_info=\u00bb{}\u00bb][et_pb_shop columns_number=\u00bb5&#8243; icon_hover_color=\u00bb#FFFFFF\u00bb hover_overlay_color=\u00bbrgba(197,28,34,0.48)\u00bb _builder_version=\u00bb4.25.0&#8243; _module_preset=\u00bbdefault\u00bb text_orientation=\u00bbcenter\u00bb global_colors_info=\u00bb{}\u00bb][\/et_pb_shop][\/et_pb_column][\/et_pb_row][\/et_pb_section]<\/p>\n","protected":false},"excerpt":{"rendered":"<p>Bienvenidos a Llar Sant Jaume Cuidado y Compromiso en Cada EtapaDescubre un entorno en el que el respeto y la empat\u00eda hacia nuestros mayores son la base de todo lo que hacemos.descubre Nuestros centrosEn la Fundaci\u00f3n Privada Llar Sant Jaume, ofrecemos un ambiente c\u00e1lido y acogedor en nuestras dos mini residencias ubicadas en el coraz\u00f3n [&hellip;]<\/p>\n","protected":false},"author":1,"featured_media":0,"parent":0,"menu_order":0,"comment_status":"closed","ping_status":"open","template":"","meta":{"_et_pb_use_builder":"on","_et_pb_old_content":"","_et_gb_content_width":"","footnotes":""},"class_list":["post-344","page","type-page","status-publish","hentry"],"_links":{"self":[{"href":"https:\/\/fundaciosantjaume.cat\/es\/wp-json\/wp\/v2\/pages\/344","targetHints":{"allow":["GET"]}}],"collection":[{"href":"https:\/\/fundaciosantjaume.cat\/es\/wp-json\/wp\/v2\/pages"}],"about":[{"href":"https:\/\/fundaciosantjaume.cat\/es\/wp-json\/wp\/v2\/types\/page"}],"author":[{"embeddable":true,"href":"https:\/\/fundaciosantjaume.cat\/es\/wp-json\/wp\/v2\/users\/1"}],"replies":[{"embeddable":true,"href":"https:\/\/fundaciosantjaume.cat\/es\/wp-json\/wp\/v2\/comments?post=344"}],"version-history":[{"count":8,"href":"https:\/\/fundaciosantjaume.cat\/es\/wp-json\/wp\/v2\/pages\/344\/revisions"}],"predecessor-version":[{"id":401,"href":"https:\/\/fundaciosantjaume.cat\/es\/wp-json\/wp\/v2\/pages\/344\/revisions\/401"}],"wp:attachment":[{"href":"https:\/\/fundaciosantjaume.cat\/es\/wp-json\/wp\/v2\/media?parent=344"}],"curies":[{"name":"wp","href":"https:\/\/api.w.org\/{rel}","templated":true}]}}