{"id":345,"date":"2024-04-22T17:58:07","date_gmt":"2024-04-22T15:58:07","guid":{"rendered":"https:\/\/fundaciosantjaume.cat\/centros\/"},"modified":"2024-05-27T09:16:41","modified_gmt":"2024-05-27T07:16:41","slug":"centros","status":"publish","type":"page","link":"https:\/\/fundaciosantjaume.cat\/es\/centros\/","title":{"rendered":"Centros"},"content":{"rendered":"<p>[et_pb_section fb_built=\u00bb1&#8243; _builder_version=\u00bb4.25.0&#8243; _module_preset=\u00bbdefault\u00bb custom_padding=\u00bb3px||48px|||\u00bb top_divider_style=\u00bbcurve2&#8243; top_divider_color=\u00bb#C51C22&#8243; top_divider_height=\u00bb155px\u00bb locked=\u00bboff\u00bb global_colors_info=\u00bb{}\u00bb][et_pb_row _builder_version=\u00bb4.25.0&#8243; _module_preset=\u00bbdefault\u00bb global_colors_info=\u00bb{}\u00bb][et_pb_column type=\u00bb4_4&#8243; _builder_version=\u00bb4.25.0&#8243; _module_preset=\u00bbdefault\u00bb global_colors_info=\u00bb{}\u00bb][et_pb_post_title meta=\u00bboff\u00bb featured_image=\u00bboff\u00bb _builder_version=\u00bb4.25.0&#8243; _module_preset=\u00bbdefault\u00bb title_font=\u00bb|800||on|||||\u00bb title_text_color=\u00bb#FFFFFF\u00bb text_orientation=\u00bbcenter\u00bb global_colors_info=\u00bb{}\u00bb][\/et_pb_post_title][\/et_pb_column][\/et_pb_row][\/et_pb_section][et_pb_section fb_built=\u00bb1&#8243; _builder_version=\u00bb4.25.0&#8243; _module_preset=\u00bbdefault\u00bb background_enable_mask_style=\u00bbon\u00bb background_mask_style=\u00bbblades\u00bb background_mask_color=\u00bbrgba(196,0,49,0.02)\u00bb background_mask_transform=\u00bbflip_horizontal\u00bb custom_padding=\u00bb||25px|||\u00bb global_colors_info=\u00bb{}\u00bb][et_pb_row _builder_version=\u00bb4.25.0&#8243; _module_preset=\u00bbdefault\u00bb global_colors_info=\u00bb{}\u00bb][et_pb_column type=\u00bb4_4&#8243; _builder_version=\u00bb4.25.0&#8243; _module_preset=\u00bbdefault\u00bb global_colors_info=\u00bb{}\u00bb][et_pb_text _builder_version=\u00bb4.25.0&#8243; _module_preset=\u00bbdefault\u00bb header_2_font=\u00bb|800||on|||||\u00bb header_2_font_size=\u00bb38px\u00bb text_orientation=\u00bbcenter\u00bb module_alignment=\u00bbcenter\u00bb hover_enabled=\u00bb0&#8243; global_colors_info=\u00bb{}\u00bb header_2_font_size_last_edited=\u00bbon|phone\u00bb sticky_enabled=\u00bb0&#8243; header_2_font_size_phone=\u00bb32px\u00bb header_2_font_size_tablet=\u00bb38px\u00bb]<\/p>\n<h2><strong>Nuestras Instalaciones: Residencias y Centro de D\u00eda en Lleida<\/strong><\/h2>\n<p>[\/et_pb_text][et_pb_text _builder_version=\u00bb4.25.0&#8243; _module_preset=\u00bbdefault\u00bb header_2_font=\u00bb|700||on|||||\u00bb header_2_font_size=\u00bb38px\u00bb text_orientation=\u00bbcenter\u00bb module_alignment=\u00bbcenter\u00bb global_colors_info=\u00bb{}\u00bb]<\/p>\n<p>En <strong>Fundaci\u00f3n Privada Llar Sant Jaume<\/strong><span>, disponemos de dos residencias y un centro de d\u00eda dedicado a proporcionar un entorno acogedor y seguro para nuestros residentes. Nuestras instalaciones est\u00e1n dise\u00f1adas para fomentar la independencia, mientras ofrecemos soporte y cuidados personalizados.<\/span><\/p>\n<p>[\/et_pb_text][\/et_pb_column][\/et_pb_row][et_pb_row column_structure=\u00bb1_3,1_3,1_3&#8243; _builder_version=\u00bb4.25.0&#8243; _module_preset=\u00bbdefault\u00bb custom_padding=\u00bb||9px|||\u00bb locked=\u00bboff\u00bb global_colors_info=\u00bb{}\u00bb][et_pb_column type=\u00bb1_3&#8243; _builder_version=\u00bb4.25.0&#8243; _module_preset=\u00bbdefault\u00bb global_colors_info=\u00bb{}\u00bb][et_pb_text _builder_version=\u00bb4.25.0&#8243; _module_preset=\u00bbdefault\u00bb header_2_font=\u00bb|700||on|||||\u00bb header_2_font_size=\u00bb38px\u00bb header_3_font=\u00bb|700|||||||\u00bb header_3_text_color=\u00bb#C51C22&#8243; header_3_font_size=\u00bb24px\u00bb text_orientation=\u00bbcenter\u00bb module_alignment=\u00bbcenter\u00bb global_colors_info=\u00bb{}\u00bb]<\/p>\n<h3>Residencia Llar Sant Jaume I<\/h3>\n<p>[\/et_pb_text][et_pb_text _builder_version=\u00bb4.25.0&#8243; _module_preset=\u00bbdefault\u00bb header_2_font=\u00bb|700||on|||||\u00bb header_2_font_size=\u00bb38px\u00bb header_3_font=\u00bb|700|||||||\u00bb header_3_text_color=\u00bb#C51C22&#8243; header_3_font_size=\u00bb24px\u00bb text_orientation=\u00bbcenter\u00bb module_alignment=\u00bbcenter\u00bb global_colors_info=\u00bb{}\u00bb]<\/p>\n<p>C\/ Francisco de Sales, 11<\/p>\n<p>25001 LLEIDA<\/p>\n<p>973 201 241<\/p>\n<p><a href=\"mailto:santjaume1@fundaciosantjaume.cat\">santjaume1@fundaciosantjaume.cat<\/a><\/p>\n<p>[\/et_pb_text][\/et_pb_column][et_pb_column type=\u00bb1_3&#8243; _builder_version=\u00bb4.25.0&#8243; _module_preset=\u00bbdefault\u00bb global_colors_info=\u00bb{}\u00bb][et_pb_text _builder_version=\u00bb4.25.0&#8243; _module_preset=\u00bbdefault\u00bb header_2_font=\u00bb|700||on|||||\u00bb header_2_font_size=\u00bb38px\u00bb header_3_font=\u00bb|700|||||||\u00bb header_3_text_color=\u00bb#C51C22&#8243; header_3_font_size=\u00bb24px\u00bb text_orientation=\u00bbcenter\u00bb module_alignment=\u00bbcenter\u00bb global_colors_info=\u00bb{}\u00bb]<\/p>\n<h3>Residencia Llar Sant Jaume II<\/h3>\n<p>[\/et_pb_text][et_pb_text _builder_version=\u00bb4.25.0&#8243; _module_preset=\u00bbdefault\u00bb header_2_font=\u00bb|700||on|||||\u00bb header_2_font_size=\u00bb38px\u00bb header_3_font=\u00bb|700|||||||\u00bb header_3_text_color=\u00bb#C51C22&#8243; header_3_font_size=\u00bb24px\u00bb text_orientation=\u00bbcenter\u00bb module_alignment=\u00bbcenter\u00bb global_colors_info=\u00bb{}\u00bb]<\/p>\n<p>C\/ Hostal de la Bordeta, 18<\/p>\n<p>25001 LLEIDA<\/p>\n<p>973 211 250<\/p>\n<p><a href=\"mailto:santjaume2@fundaciosantjaume.cat\">santjaume2@fundaciosantjaume.cat<\/a><\/p>\n<p>[\/et_pb_text][\/et_pb_column][et_pb_column type=\u00bb1_3&#8243; _builder_version=\u00bb4.25.0&#8243; _module_preset=\u00bbdefault\u00bb global_colors_info=\u00bb{}\u00bb][et_pb_text _builder_version=\u00bb4.25.0&#8243; _module_preset=\u00bbdefault\u00bb header_2_font=\u00bb|700||on|||||\u00bb header_2_font_size=\u00bb38px\u00bb header_3_font=\u00bb|700|||||||\u00bb header_3_text_color=\u00bb#C51C22&#8243; header_3_font_size=\u00bb24px\u00bb text_orientation=\u00bbcenter\u00bb module_alignment=\u00bbcenter\u00bb global_colors_info=\u00bb{}\u00bb]<\/p>\n<h3>Centro de D\u00eda Llar Sant Jaume II<\/h3>\n<p>[\/et_pb_text][et_pb_text _builder_version=\u00bb4.25.0&#8243; _module_preset=\u00bbdefault\u00bb header_2_font=\u00bb|700||on|||||\u00bb header_2_font_size=\u00bb38px\u00bb header_3_font=\u00bb|700|||||||\u00bb header_3_text_color=\u00bb#C51C22&#8243; header_3_font_size=\u00bb24px\u00bb text_orientation=\u00bbcenter\u00bb module_alignment=\u00bbcenter\u00bb global_colors_info=\u00bb{}\u00bb]<\/p>\n<p>C\/ Hostal de la Bordeta, 18<\/p>\n<p>25001 LLEIDA<\/p>\n<p>973 211 250<\/p>\n<p><a href=\"mailto:santjaume2@fundaciosantjaume.cat\">santjaume2@fundaciosantjaume.cat<\/a><\/p>\n<p>[\/et_pb_text][\/et_pb_column][\/et_pb_row][\/et_pb_section][et_pb_section fb_built=\u00bb1&#8243; _builder_version=\u00bb4.25.0&#8243; _module_preset=\u00bbdefault\u00bb custom_padding=\u00bb0px||23px|||\u00bb global_colors_info=\u00bb{}\u00bb][et_pb_row column_structure=\u00bb1_3,1_3,1_3&#8243; _builder_version=\u00bb4.25.0&#8243; _module_preset=\u00bbdefault\u00bb global_colors_info=\u00bb{}\u00bb][et_pb_column type=\u00bb1_3&#8243; _builder_version=\u00bb4.25.0&#8243; _module_preset=\u00bbdefault\u00bb global_colors_info=\u00bb{}\u00bb][et_pb_map address=\u00bbCarrer Sant Francesc de Sales, 11, 25001 Lleida, Espa\u00f1a\u00bb zoom_level=\u00bb15&#8243; address_lat=\u00bb41.6028736&#8243; address_lng=\u00bb0.643068&#8243; _builder_version=\u00bb4.25.0&#8243; _module_preset=\u00bbdefault\u00bb global_colors_info=\u00bb{}\u00bb][et_pb_map_pin title=\u00bbResidencia Llar Sant Jaume I\u00bb pin_address=\u00bbCarrer Sant Francesc de Sales, 11, 25001 Lleida, Espa\u00f1a\u00bb zoom_level=\u00bb8&#8243; pin_address_lat=\u00bb41.6028736&#8243; pin_address_lng=\u00bb0.643068&#8243; _builder_version=\u00bb4.25.0&#8243; _module_preset=\u00bbdefault\u00bb global_colors_info=\u00bb{}\u00bb]<\/p>\n<p>c\/ Francisco de Sales, 11<br \/>25001 Lleida<\/p>\n<p>[\/et_pb_map_pin][\/et_pb_map][\/et_pb_column][et_pb_column type=\u00bb1_3&#8243; _builder_version=\u00bb4.25.0&#8243; _module_preset=\u00bbdefault\u00bb global_colors_info=\u00bb{}\u00bb][et_pb_map address=\u00bbCarrer Hostal de la Bordeta, 18, 25001 Lleida, Espa\u00f1a\u00bb zoom_level=\u00bb15&#8243; address_lat=\u00bb41.6040509&#8243; address_lng=\u00bb0.6426473&#8243; _builder_version=\u00bb4.25.0&#8243; _module_preset=\u00bbdefault\u00bb locked=\u00bboff\u00bb global_colors_info=\u00bb{}\u00bb][et_pb_map_pin title=\u00bbResidencia Llar Sant Jaume II\u00bb pin_address=\u00bbCarrer Hostal de la Bordeta, 18, 25001 Lleida, Espa\u00f1a\u00bb zoom_level=\u00bb8&#8243; pin_address_lat=\u00bb41.6040509&#8243; pin_address_lng=\u00bb0.6426473&#8243; _builder_version=\u00bb4.25.0&#8243; _module_preset=\u00bbdefault\u00bb global_colors_info=\u00bb{}\u00bb]<\/p>\n<p>C\/ Hostal de la Bordeta, 18<\/p>\n<p>25001 LLEIDA<\/p>\n<p>[\/et_pb_map_pin][\/et_pb_map][\/et_pb_column][et_pb_column type=\u00bb1_3&#8243; _builder_version=\u00bb4.25.0&#8243; _module_preset=\u00bbdefault\u00bb global_colors_info=\u00bb{}\u00bb][et_pb_map address=\u00bbCarrer Hostal de la Bordeta, 18, 25001 Lleida, Espa\u00f1a\u00bb zoom_level=\u00bb15&#8243; address_lat=\u00bb41.6040509&#8243; address_lng=\u00bb0.6426473&#8243; _builder_version=\u00bb4.25.0&#8243; _module_preset=\u00bbdefault\u00bb global_colors_info=\u00bb{}\u00bb][et_pb_map_pin title=\u00bbCentro de D\u00eda Llar Sant Jaume II\u00bb pin_address=\u00bbCarrer Hostal de la Bordeta, 18, 25001 Lleida, Espa\u00f1a\u00bb pin_address_lat=\u00bb41.6040509&#8243; pin_address_lng=\u00bb0.6426473&#8243; _builder_version=\u00bb4.25.0&#8243; _module_preset=\u00bbdefault\u00bb global_colors_info=\u00bb{}\u00bb]<\/p>\n<p>C\/ Hostal de la Bordeta, 18<\/p>\n<p>25001 LLEIDA<\/p>\n<p>[\/et_pb_map_pin][\/et_pb_map][\/et_pb_column][\/et_pb_row][\/et_pb_section][et_pb_section fb_built=\u00bb1&#8243; _builder_version=\u00bb4.25.0&#8243; _module_preset=\u00bbdefault\u00bb bottom_divider_style=\u00bbmountains2&#8243; bottom_divider_color=\u00bbrgba(196,0,49,0.1)\u00bb global_colors_info=\u00bb{}\u00bb][et_pb_row _builder_version=\u00bb4.25.0&#8243; _module_preset=\u00bbdefault\u00bb global_colors_info=\u00bb{}\u00bb][et_pb_column type=\u00bb4_4&#8243; _builder_version=\u00bb4.25.0&#8243; _module_preset=\u00bbdefault\u00bb global_colors_info=\u00bb{}\u00bb][et_pb_slider _builder_version=\u00bb4.25.0&#8243; _module_preset=\u00bbdefault\u00bb custom_padding=\u00bb70px||70px||true|false\u00bb box_shadow_style=\u00bbpreset1&#8243; box_shadow_color=\u00bb#C51C22&#8243; global_colors_info=\u00bb{}\u00bb][et_pb_slide heading=\u00bbServicios Integrales por una Vida Plena\u00bb button_text=\u00bbDescubre nuestros servicios\u00bb _builder_version=\u00bb4.25.0&#8243; _dynamic_attributes=\u00bblink_option_url\u00bb _module_preset=\u00bbdefault\u00bb link_option_url=\u00bb@ET-DC@eyJkeW5hbWljIjp0cnVlLCJjb250ZW50IjoicG9zdF9saW5rX3VybF9wYWdlIiwic2V0dGluZ3MiOnsicG9zdF9pZCI6IjI2In19@\u00bb global_colors_info=\u00bb{}\u00bb sticky_transition=\u00bbon\u00bb]<\/p>\n<p>Descubre c\u00f3mo nuestros servicios especializados en residencia y centro de d\u00eda ayudan a mantener un alto grado de autonom\u00eda e integraci\u00f3n social. En la Fundaci\u00f3n Privada Llar Sant Jaume, cada servicio est\u00e1 pensado para mejorar la calidad de vida de nuestros residentes.<\/p>\n<p>[\/et_pb_slide][et_pb_slide heading=\u00bbla alegr\u00eda de la terapia con animales!\u00bb button_text=\u00bbM\u00e1s info!\u00bb _builder_version=\u00bb4.25.0&#8243; _dynamic_attributes=\u00bblink_option_url\u00bb _module_preset=\u00bbdefault\u00bb link_option_url=\u00bb@ET-DC@eyJkeW5hbWljIjp0cnVlLCJjb250ZW50IjoicG9zdF9saW5rX3VybF9wYWdlIiwic2V0dGluZ3MiOnsicG9zdF9pZCI6IjI4In19@\u00bb global_colors_info=\u00bb{}\u00bb sticky_transition=\u00bbon\u00bb]<\/p>\n<p>En nuestra residencia, creamos momentos de pura felicidad con nuestra innovadora terapia con animales. Ven a ver c\u00f3mo la presencia de estos animales puede transformar un d\u00eda normal en una experiencia extraordinaria de conexi\u00f3n y alegr\u00eda.<\/p>\n<p>[\/et_pb_slide][\/et_pb_slider][\/et_pb_column][\/et_pb_row][et_pb_row _builder_version=\u00bb4.25.0&#8243; _module_preset=\u00bbdefault\u00bb global_colors_info=\u00bb{}\u00bb][et_pb_column type=\u00bb4_4&#8243; _builder_version=\u00bb4.25.0&#8243; _module_preset=\u00bbdefault\u00bb global_colors_info=\u00bb{}\u00bb][et_pb_text _builder_version=\u00bb4.25.0&#8243; _module_preset=\u00bbdefault\u00bb header_2_font=\u00bb|800||on|||||\u00bb header_2_font_size=\u00bb38px\u00bb text_orientation=\u00bbcenter\u00bb module_alignment=\u00bbcenter\u00bb global_colors_info=\u00bb{}\u00bb]<\/p>\n<h2>GALER\u00cdA DE IM\u00c1GENES DE LOS CENTROS (INSTALACIONES)<\/h2>\n<p>[\/et_pb_text][\/et_pb_column][\/et_pb_row][et_pb_row _builder_version=\u00bb4.25.0&#8243; _module_preset=\u00bbdefault\u00bb global_colors_info=\u00bb{}\u00bb][et_pb_column type=\u00bb4_4&#8243; _builder_version=\u00bb4.25.0&#8243; _module_preset=\u00bbdefault\u00bb global_colors_info=\u00bb{}\u00bb][et_pb_gallery gallery_ids=\u00bb106,107,108,109,110,111,112,113,161,160,159,158,157,156&#8243; posts_number=\u00bb12&#8243; show_title_and_caption=\u00bboff\u00bb _builder_version=\u00bb4.25.0&#8243; _module_preset=\u00bbdefault\u00bb global_colors_info=\u00bb{}\u00bb][\/et_pb_gallery][\/et_pb_column][\/et_pb_row][\/et_pb_section]<\/p>\n","protected":false},"excerpt":{"rendered":"<p>Nuestras Instalaciones: Residencias y Centro de D\u00eda en LleidaEn Fundaci\u00f3n Privada Llar Sant Jaume, disponemos de dos residencias y un centro de d\u00eda dedicado a proporcionar un entorno acogedor y seguro para nuestros residentes. Nuestras instalaciones est\u00e1n dise\u00f1adas para fomentar la independencia, mientras ofrecemos soporte y cuidados personalizados.Residencia Llar Sant Jaume IC\/ Francisco de Sales, [&hellip;]<\/p>\n","protected":false},"author":3,"featured_media":0,"parent":0,"menu_order":0,"comment_status":"closed","ping_status":"closed","template":"","meta":{"_et_pb_use_builder":"on","_et_pb_old_content":"","_et_gb_content_width":"","footnotes":""},"class_list":["post-345","page","type-page","status-publish","hentry"],"_links":{"self":[{"href":"https:\/\/fundaciosantjaume.cat\/es\/wp-json\/wp\/v2\/pages\/345","targetHints":{"allow":["GET"]}}],"collection":[{"href":"https:\/\/fundaciosantjaume.cat\/es\/wp-json\/wp\/v2\/pages"}],"about":[{"href":"https:\/\/fundaciosantjaume.cat\/es\/wp-json\/wp\/v2\/types\/page"}],"author":[{"embeddable":true,"href":"https:\/\/fundaciosantjaume.cat\/es\/wp-json\/wp\/v2\/users\/3"}],"replies":[{"embeddable":true,"href":"https:\/\/fundaciosantjaume.cat\/es\/wp-json\/wp\/v2\/comments?post=345"}],"version-history":[{"count":5,"href":"https:\/\/fundaciosantjaume.cat\/es\/wp-json\/wp\/v2\/pages\/345\/revisions"}],"predecessor-version":[{"id":371,"href":"https:\/\/fundaciosantjaume.cat\/es\/wp-json\/wp\/v2\/pages\/345\/revisions\/371"}],"wp:attachment":[{"href":"https:\/\/fundaciosantjaume.cat\/es\/wp-json\/wp\/v2\/media?parent=345"}],"curies":[{"name":"wp","href":"https:\/\/api.w.org\/{rel}","templated":true}]}}