{"id":346,"date":"2024-04-22T17:58:32","date_gmt":"2024-04-22T15:58:32","guid":{"rendered":"https:\/\/fundaciosantjaume.cat\/trabaja-con-nosotros\/"},"modified":"2024-05-27T09:07:18","modified_gmt":"2024-05-27T07:07:18","slug":"trabaja-con-nosotros","status":"publish","type":"page","link":"https:\/\/fundaciosantjaume.cat\/es\/trabaja-con-nosotros\/","title":{"rendered":"Trabaja con nosotros"},"content":{"rendered":"<p>[et_pb_section fb_built=\u00bb1&#8243; _builder_version=\u00bb4.25.0&#8243; _module_preset=\u00bbdefault\u00bb custom_padding=\u00bb3px||48px|||\u00bb top_divider_style=\u00bbcurve2&#8243; top_divider_color=\u00bb#C51C22&#8243; top_divider_height=\u00bb155px\u00bb locked=\u00bboff\u00bb global_colors_info=\u00bb{}\u00bb][et_pb_row _builder_version=\u00bb4.25.0&#8243; _module_preset=\u00bbdefault\u00bb global_colors_info=\u00bb{}\u00bb][et_pb_column type=\u00bb4_4&#8243; _builder_version=\u00bb4.25.0&#8243; _module_preset=\u00bbdefault\u00bb global_colors_info=\u00bb{}\u00bb][et_pb_post_title meta=\u00bboff\u00bb featured_image=\u00bboff\u00bb _builder_version=\u00bb4.25.0&#8243; _module_preset=\u00bbdefault\u00bb title_font=\u00bb|800||on|||||\u00bb title_text_color=\u00bb#FFFFFF\u00bb text_orientation=\u00bbcenter\u00bb global_colors_info=\u00bb{}\u00bb][\/et_pb_post_title][\/et_pb_column][\/et_pb_row][\/et_pb_section][et_pb_section fb_built=\u00bb1&#8243; _builder_version=\u00bb4.25.0&#8243; _module_preset=\u00bbdefault\u00bb custom_padding=\u00bb30px||41px|||\u00bb global_colors_info=\u00bb{}\u00bb][et_pb_row _builder_version=\u00bb4.25.0&#8243; _module_preset=\u00bbdefault\u00bb global_colors_info=\u00bb{}\u00bb][et_pb_column type=\u00bb4_4&#8243; _builder_version=\u00bb4.25.0&#8243; _module_preset=\u00bbdefault\u00bb global_colors_info=\u00bb{}\u00bb][et_pb_text _builder_version=\u00bb4.25.0&#8243; _module_preset=\u00bbdefault\u00bb custom_margin=\u00bb||0px|||\u00bb global_colors_info=\u00bb{}\u00bb]<\/p>\n<h2><strong>\u00danete a nuestro equipo en la Fundaci\u00f3n Privada Llar Sant Jaume<\/strong><\/h2>\n<p>[\/et_pb_text][\/et_pb_column][\/et_pb_row][et_pb_row column_structure=\u00bb2_3,1_3&#8243; _builder_version=\u00bb4.25.0&#8243; _module_preset=\u00bbdefault\u00bb global_colors_info=\u00bb{}\u00bb][et_pb_column type=\u00bb2_3&#8243; _builder_version=\u00bb4.25.0&#8243; _module_preset=\u00bbdefault\u00bb global_colors_info=\u00bb{}\u00bb][et_pb_text _builder_version=\u00bb4.25.0&#8243; _module_preset=\u00bbdefault\u00bb hover_enabled=\u00bb0&#8243; global_colors_info=\u00bb{}\u00bb sticky_enabled=\u00bb0&#8243;]<\/p>\n<p>Te damos la bienvenida a la web de Fundaci\u00f3n Privada Llar Sant Jaume, \u00e9ste es un espacio donde podr\u00e1s conocer nuestra entidad y las oportunidades de empleo existentes.<\/p>\n<p>En Fundaci\u00f3 Privada Llar Sant Jaume, la importancia de un equipo humano cohesionado es crucial para los servicios que ofrecemos a nuestros usuarios. Por eso, d\u00eda tras d\u00eda contamos con trabajadores cualificados para desempe\u00f1ar su labor de la mejor manera posible.<\/p>\n<p>Mediante este espacio, le ofrecemos un enlace directo con la Fundaci\u00f3n para la remisi\u00f3n de su curr\u00edculum de la manera m\u00e1s eficiente y sostenible.<\/p>\n<p>&nbsp;<\/p>\n<p>[\/et_pb_text][\/et_pb_column][et_pb_column type=\u00bb1_3&#8243; _builder_version=\u00bb4.25.0&#8243; _module_preset=\u00bbdefault\u00bb global_colors_info=\u00bb{}\u00bb][et_pb_image src=\u00bbhttps:\/\/fundaciosantjaume.cat\/wp-content\/uploads\/2024\/05\/600&#215;600-3.jpg\u00bb _builder_version=\u00bb4.25.0&#8243; _module_preset=\u00bbdefault\u00bb hover_enabled=\u00bb0&#8243; global_colors_info=\u00bb{}\u00bb title_text=\u00bb600&#215;600 (3)\u00bb sticky_enabled=\u00bb0&#8243;][\/et_pb_image][\/et_pb_column][\/et_pb_row][\/et_pb_section]<\/p>\n","protected":false},"excerpt":{"rendered":"<p>\u00danete a nuestro equipo en la Fundaci\u00f3n Privada Llar Sant JaumeTe damos la bienvenida a la web de Fundaci\u00f3n Privada Llar Sant Jaume, \u00e9ste es un espacio donde podr\u00e1s conocer nuestra entidad y las oportunidades de empleo existentes. En Fundaci\u00f3 Privada Llar Sant Jaume, la importancia de un equipo humano cohesionado es crucial para los [&hellip;]<\/p>\n","protected":false},"author":3,"featured_media":0,"parent":0,"menu_order":0,"comment_status":"closed","ping_status":"closed","template":"","meta":{"_et_pb_use_builder":"on","_et_pb_old_content":"","_et_gb_content_width":"","footnotes":""},"class_list":["post-346","page","type-page","status-publish","hentry"],"_links":{"self":[{"href":"https:\/\/fundaciosantjaume.cat\/es\/wp-json\/wp\/v2\/pages\/346","targetHints":{"allow":["GET"]}}],"collection":[{"href":"https:\/\/fundaciosantjaume.cat\/es\/wp-json\/wp\/v2\/pages"}],"about":[{"href":"https:\/\/fundaciosantjaume.cat\/es\/wp-json\/wp\/v2\/types\/page"}],"author":[{"embeddable":true,"href":"https:\/\/fundaciosantjaume.cat\/es\/wp-json\/wp\/v2\/users\/3"}],"replies":[{"embeddable":true,"href":"https:\/\/fundaciosantjaume.cat\/es\/wp-json\/wp\/v2\/comments?post=346"}],"version-history":[{"count":2,"href":"https:\/\/fundaciosantjaume.cat\/es\/wp-json\/wp\/v2\/pages\/346\/revisions"}],"predecessor-version":[{"id":350,"href":"https:\/\/fundaciosantjaume.cat\/es\/wp-json\/wp\/v2\/pages\/346\/revisions\/350"}],"wp:attachment":[{"href":"https:\/\/fundaciosantjaume.cat\/es\/wp-json\/wp\/v2\/media?parent=346"}],"curies":[{"name":"wp","href":"https:\/\/api.w.org\/{rel}","templated":true}]}}