{"id":360,"date":"2024-05-14T18:53:36","date_gmt":"2024-05-14T16:53:36","guid":{"rendered":"https:\/\/fundaciosantjaume.cat\/producto\/aportacion-de-5-e\/"},"modified":"2024-05-14T18:53:36","modified_gmt":"2024-05-14T16:53:36","slug":"aportacion-de-5-e","status":"publish","type":"product","link":"https:\/\/fundaciosantjaume.cat\/es\/producto\/aportacion-de-5-e\/","title":{"rendered":"Aportaci\u00f3n de 5 \u20ac"},"content":{"rendered":"<p>Aportaci\u00f3n 5\u20ac a la Fundaci\u00f3n Privada Llar Sant Jaume.<\/p>\n<p>Realice una aportaci\u00f3n por valor de 5\u20ac a la fundaci\u00f3n.<\/p>\n<p>Este donativo ser\u00e1 elegible para la declaraci\u00f3n de la renta.<\/p>\n","protected":false},"excerpt":{"rendered":"<p>Aportaci\u00f3n 5\u20ac a la Fundaci\u00f3n Privada Llar Sant Jaume. Realice una aportaci\u00f3n por valor de 5\u20ac a la fundaci\u00f3n. Este donativo ser\u00e1 elegible para la declaraci\u00f3n de la renta.<\/p>\n","protected":false},"featured_media":336,"template":"","meta":{"_et_pb_use_builder":"","_et_pb_old_content":"","_et_gb_content_width":""},"product_brand":[],"product_cat":[29],"product_tag":[],"class_list":{"0":"post-360","1":"product","2":"type-product","3":"status-publish","4":"has-post-thumbnail","6":"product_cat-donativos","8":"first","9":"instock","10":"virtual","11":"purchasable","12":"product-type-simple"},"_links":{"self":[{"href":"https:\/\/fundaciosantjaume.cat\/es\/wp-json\/wp\/v2\/product\/360","targetHints":{"allow":["GET"]}}],"collection":[{"href":"https:\/\/fundaciosantjaume.cat\/es\/wp-json\/wp\/v2\/product"}],"about":[{"href":"https:\/\/fundaciosantjaume.cat\/es\/wp-json\/wp\/v2\/types\/product"}],"wp:featuredmedia":[{"embeddable":true,"href":"https:\/\/fundaciosantjaume.cat\/es\/wp-json\/wp\/v2\/media\/336"}],"wp:attachment":[{"href":"https:\/\/fundaciosantjaume.cat\/es\/wp-json\/wp\/v2\/media?parent=360"}],"wp:term":[{"taxonomy":"product_brand","embeddable":true,"href":"https:\/\/fundaciosantjaume.cat\/es\/wp-json\/wp\/v2\/product_brand?post=360"},{"taxonomy":"product_cat","embeddable":true,"href":"https:\/\/fundaciosantjaume.cat\/es\/wp-json\/wp\/v2\/product_cat?post=360"},{"taxonomy":"product_tag","embeddable":true,"href":"https:\/\/fundaciosantjaume.cat\/es\/wp-json\/wp\/v2\/product_tag?post=360"}],"curies":[{"name":"wp","href":"https:\/\/api.w.org\/{rel}","templated":true}]}}